{"id":9,"date":"2020-12-07T15:44:22","date_gmt":"2020-12-07T18:44:22","guid":{"rendered":"https:\/\/www.iluminasuenos.cl\/sitio\/?page_id=9"},"modified":"2025-11-01T23:38:45","modified_gmt":"2025-11-02T02:38:45","slug":"quienes-somos","status":"publish","type":"page","link":"https:\/\/www.iluminasuenos.cl\/sitio\/quienes-somos\/","title":{"rendered":"QUIENES SOMOS"},"content":{"rendered":"<p>[vc_row css=&#8221;.vc_custom_1608054173974{margin-right: 8% !important;margin-left: 8% !important;}&#8221;][vc_column][vc_column_text]<\/p>\n<h3 style=\"text-align: center;\"><em>Somos un equipo multidisciplinario unidos por un objetivo en com\u00fan para generar un impacto social en la brecha educacional de los escolares de nuestro pa\u00eds.<\/em><\/h3>\n<p>[\/vc_column_text][\/vc_column][\/vc_row][vc_row][vc_column][vc_tta_accordion][vc_tta_section tab_id=&#8221;1610858004216-9365ae91-4e7d&#8221; title=&#8221;<\/p>\n<h1>Prop\u00f3sitos<\/h1>\n<p>&#8220;][vc_column_text]<\/p>\n<h5 style=\"text-align: justify;\">Promover el acceso y uso sostenible de la tecnolog\u00eda que permitan contribuir hacia una educaci\u00f3n de calidad, tanto al interior de la comunidad educativa como en el sistema escolar, especialmente en contextos vulnerables con el fin de fomentar la diversidad, equidad e inclusi\u00f3n de los ni\u00f1os, ni\u00f1as y adolescentes en la sociedad del ma\u00f1ana.<\/h5>\n<p>[\/vc_column_text][vc_row_inner][vc_column_inner width=&#8221;1\/2&#8243;][vc_column_text]<\/p>\n<h1 style=\"text-align: center;\"><span style=\"color: #fca63d;\"> Misi\u00f3n <\/span><\/h1>\n<p>[\/vc_column_text][vc_column_text]<\/p>\n<h5 style=\"text-align: justify;\">Promover igualdad de oportunidades a los ni\u00f1os, ni\u00f1as y adolescentes m\u00e1s vulnerables del pa\u00eds a trav\u00e9s del acceso y uso sostenible de la tecnolog\u00eda.<\/h5>\n<p>[\/vc_column_text][\/vc_column_inner][vc_column_inner width=&#8221;1\/2&#8243;][vc_column_text]<\/p>\n<h1 style=\"text-align: center;\"><span style=\"color: #e9008d;\"> Visi\u00f3n<\/span><\/h1>\n<p>[\/vc_column_text][vc_column_text]<\/p>\n<h5 style=\"text-align: justify;\">Cumplir los sue\u00f1os de aquellos ni\u00f1os que han sido afectados por la desigualdad de oportunidades que tenemos como sociedad.<\/h5>\n<p>[\/vc_column_text][\/vc_column_inner][\/vc_row_inner][\/vc_tta_section][vc_tta_section title=&#8221;<\/p>\n<h1>LINEAS DE ACCION<\/h1>\n<p>&#8221; tab_id=&#8221;1610858004292-6882e147-77a5&#8243;][vc_row_inner][vc_column_inner width=&#8221;1\/2&#8243;][vc_column_text]<\/p>\n<h4>Para el logro de nuestro prop\u00f3sito la fundaci\u00f3n desarrollar\u00e1 acciones en las siguientes l\u00edneas de acci\u00f3n:<\/h4>\n<h5>Promover acciones que apunten a disminuir la brecha digital a la que se ven enfrentados ni\u00f1as, ni\u00f1os y adolescentes de nuestro pa\u00eds, para que las diferencias sociales, los niveles de riesgo y las condiciones de infraestructura no determinen el futuro de los estudiantes.<\/h5>\n<h5>Establecer redes y alianzas con distintos establecimientos educacionales municipales, particulares subvencionados y particulares del pa\u00eds, con el fin de promover la corresponsabilidad social e interrumpir la cadena de pobreza.<\/h5>\n<h5>Generar instancias de asesor\u00eda, logrando dise\u00f1ar soluciones innovadoras en materia de educaci\u00f3n para las familias, los cuidadores y educadores con el fin de favorecer el aprendizaje de ni\u00f1as, ni\u00f1os y adolescentes.<\/h5>\n<h5 style=\"text-align: justify;\">Garantizar el derecho de los ni\u00f1os, ni\u00f1as y adolescentes a vivir en un ambiente seguro, limpio, en armon\u00eda con el medioambiente y sustentable.<\/h5>\n<p>[\/vc_column_text][\/vc_column_inner][vc_column_inner width=&#8221;1\/2&#8243;][vc_column_text]<\/p>\n<h5 style=\"text-align: justify;\">Relevar la importancia de las familias, en su rol protector, como primeros cuidadores y responsables de ni\u00f1os, ni\u00f1as y adolescentes, a trav\u00e9s de acciones que fortalezcan su rol a trav\u00e9s de instancias de capacitaci\u00f3n y acompa\u00f1amiento.<\/h5>\n<h5>Fomentar el di\u00e1logo p\u00fablico &#8211; privado para el desarrollo de pol\u00edticas p\u00fablicas en temas relacionados con educaci\u00f3n, desigualdad, discriminaci\u00f3n y pobreza.<\/h5>\n<h5>Desarrollar acciones tendientes a promover la inclusi\u00f3n de ni\u00f1as, ni\u00f1os y adolescentes, que puedan ser discriminados por su g\u00e9nero, origen o discapacidad.<\/h5>\n<h5 style=\"text-align: justify;\">Establecer alianzas con empresas p\u00fablicas y privadas, actuando como mediadores para conectarlos con las necesidades de la comunidad y de los sectores m\u00e1s segregados de la sociedad, con el fin de disminuir la brecha educacional.<\/h5>\n<p>[\/vc_column_text][\/vc_column_inner][\/vc_row_inner][\/vc_tta_section][\/vc_tta_accordion][\/vc_column][\/vc_row][vc_row css=&#8221;.vc_custom_1610727499834{margin-top: 4% !important;margin-bottom: 4% !important;}&#8221;][vc_column][vc_zigzag color=&#8221;custom&#8221; custom_color=&#8221;#0b76bf&#8221;][vc_column_text css=&#8221;.vc_custom_1610727540942{margin-top: 4% !important;}&#8221;]<\/p>\n<div>\n<h1 style=\"text-align: center;\"><span style=\"color: #e9008d;\"><strong>Nuestros Valores<\/strong><\/span><\/h1>\n<\/div>\n<p>[\/vc_column_text][\/vc_column][\/vc_row][vc_row][vc_column width=&#8221;1\/3&#8243;][vc_column_text]<\/p>\n<h1 style=\"text-align: center;\"><span style=\"color: #7944a0;\">Inter\u00e9s Social<\/span><\/h1>\n<p>[\/vc_column_text][\/vc_column][vc_column width=&#8221;1\/3&#8243;][vc_column_text]<\/p>\n<h1 style=\"text-align: center;\"><span style=\"color: #f76b27;\">Confianza<\/span><\/h1>\n<p>[\/vc_column_text][\/vc_column][vc_column width=&#8221;1\/3&#8243;][vc_column_text]<\/p>\n<h1 style=\"text-align: center;\"><span style=\"color: #68b663;\">Compromiso<\/span><\/h1>\n<p>[\/vc_column_text][\/vc_column][\/vc_row][vc_row css=&#8221;.vc_custom_1610727499834{margin-top: 4% !important;margin-bottom: 4% !important;}&#8221;][vc_column][vc_zigzag color=&#8221;custom&#8221; custom_color=&#8221;#0b76bf&#8221;][\/vc_column][\/vc_row][vc_row][vc_column width=&#8221;1\/3&#8243;][vc_column_text]<\/p>\n<h1 style=\"text-align: center;\"><span style=\"color: #fca63d;\">Justicia<\/span><\/h1>\n<p>[\/vc_column_text][\/vc_column][vc_column width=&#8221;1\/3&#8243;][vc_column_text]<\/p>\n<h1 style=\"text-align: center;\"><span style=\"color: #949599;\">Entusiasmo<\/span><\/h1>\n<p>[\/vc_column_text][\/vc_column][vc_column width=&#8221;1\/3&#8243;][vc_column_text]<\/p>\n<h1 style=\"text-align: center;\"><span style=\"color: #0b76bf;\">Creatividad<\/span><\/h1>\n<p>[\/vc_column_text][\/vc_column][\/vc_row][vc_row][vc_column width=&#8221;1\/4&#8243;][vc_single_image image=&#8221;259&#8243; img_size=&#8221;full&#8221; alignment=&#8221;center&#8221;][vc_column_text css_animation=&#8221;fadeInUp&#8221; css=&#8221;.vc_custom_1610771848394{margin-bottom: 0px !important;}&#8221;]<\/p>\n<h1 style=\"text-align: center; font-size: 2.5em;\"><span style=\"color: #68b663;\"><strong>KATHERINNE ACU\u00d1A<\/strong><\/span><\/h1>\n<p>[\/vc_column_text][vc_column_text css_animation=&#8221;fadeInUp&#8221; css=&#8221;.vc_custom_1607960919123{margin-top: 4px !important;}&#8221;]<\/p>\n<h1 style=\"text-align: center; font-size: 1.5em;\"><span style=\"color: #000000;\"><strong>PRESIDENTA<\/strong><\/span><\/h1>\n<p>[\/vc_column_text][vc_row_inner][vc_column_inner width=&#8221;1\/2&#8243;][vc_single_image image=&#8221;115&#8243; img_size=&#8221;full&#8221; alignment=&#8221;center&#8221; onclick=&#8221;custom_link&#8221; img_link_target=&#8221;_blank&#8221; link=&#8221;https:\/\/www.linkedin.com\/in\/kas2712\/&#8221;][\/vc_column_inner][vc_column_inner width=&#8221;1\/2&#8243;][vc_single_image image=&#8221;118&#8243; img_size=&#8221;full&#8221; alignment=&#8221;center&#8221; onclick=&#8221;custom_link&#8221; img_link_target=&#8221;_blank&#8221; link=&#8221;https:\/\/twitter.com\/katty_rs&#8221;][\/vc_column_inner][\/vc_row_inner][vc_zigzag color=&#8221;custom&#8221; custom_color=&#8221;#0b76bf&#8221;][\/vc_column][vc_column width=&#8221;1\/4&#8243;][vc_single_image image=&#8221;576&#8243; img_size=&#8221;full&#8221; alignment=&#8221;center&#8221;][vc_column_text css_animation=&#8221;fadeInUp&#8221; css=&#8221;.vc_custom_1692054128848{margin-bottom: 0px !important;}&#8221;]<\/p>\n<h1 style=\"text-align: center; font-size: 2.5em;\"><span style=\"color: #68b663;\"><strong>GLORIA GUTI\u00c9RREZ<\/strong><\/span><\/h1>\n<p>[\/vc_column_text][vc_column_text css_animation=&#8221;fadeInUp&#8221; css=&#8221;.vc_custom_1692055097429{margin-top: 4px !important;}&#8221;]<\/p>\n<h1 style=\"text-align: center; font-size: 1.5em;\"><span style=\"color: #000000;\"><strong>DIRECTORA DE ADMINISTRACI\u00d3N y FINANZAS<br \/>\n<\/strong><\/span><\/h1>\n<p>[\/vc_column_text][vc_row_inner][vc_column_inner][vc_single_image image=&#8221;115&#8243; img_size=&#8221;full&#8221; alignment=&#8221;center&#8221; onclick=&#8221;custom_link&#8221; img_link_target=&#8221;_blank&#8221; link=&#8221;https:\/\/www.linkedin.com\/in\/gloria-gutierrez-ruiz\/&#8221;][\/vc_column_inner][\/vc_row_inner][vc_zigzag color=&#8221;custom&#8221; custom_color=&#8221;#0b76bf&#8221;][\/vc_column][vc_column width=&#8221;1\/4&#8243;][vc_single_image image=&#8221;94&#8243; img_size=&#8221;full&#8221; alignment=&#8221;center&#8221;][vc_column_text css_animation=&#8221;fadeInUp&#8221; css=&#8221;.vc_custom_1610771860549{margin-bottom: 0px !important;}&#8221;]<\/p>\n<h1 style=\"text-align: center; font-size: 2.5em;\"><span style=\"color: #68b663;\"><strong>JAIME CRUZ<\/strong><\/span><\/h1>\n<p>[\/vc_column_text][vc_column_text css_animation=&#8221;fadeInUp&#8221; css=&#8221;.vc_custom_1607961060119{margin-top: 4px !important;}&#8221;]<\/p>\n<h1 style=\"text-align: center; font-size: 1.5em;\"><span style=\"color: #000000;\"><strong>DIRECTOR TECNICO<\/strong><\/span><\/h1>\n<p>[\/vc_column_text][vc_row_inner][vc_column_inner][vc_single_image image=&#8221;115&#8243; img_size=&#8221;full&#8221; alignment=&#8221;center&#8221; onclick=&#8221;custom_link&#8221; img_link_target=&#8221;_blank&#8221; link=&#8221;https:\/\/www.linkedin.com\/in\/jaime-cruz-129bb84\/&#8221;][\/vc_column_inner][\/vc_row_inner][vc_zigzag color=&#8221;custom&#8221; custom_color=&#8221;#0b76bf&#8221;][\/vc_column][vc_column width=&#8221;1\/4&#8243;][vc_single_image image=&#8221;258&#8243; img_size=&#8221;full&#8221; alignment=&#8221;center&#8221;][vc_column_text css_animation=&#8221;fadeInUp&#8221; css=&#8221;.vc_custom_1610771866015{margin-bottom: 0px !important;}&#8221;]<\/p>\n<h1 style=\"text-align: center; font-size: 2.5em;\"><span style=\"color: #68b663;\"><strong>JOCELYN SEPULVEDA<\/strong><\/span><\/h1>\n<p>[\/vc_column_text][vc_column_text css_animation=&#8221;fadeInUp&#8221; css=&#8221;.vc_custom_1607961065351{margin-top: 4px !important;}&#8221;]<\/p>\n<h1 style=\"text-align: center; font-size: 1.5em;\"><span style=\"color: #000000;\"><strong>DIRECTORA DE EDUCACION<\/strong><\/span><\/h1>\n<p>[\/vc_column_text][vc_row_inner][vc_column_inner][vc_single_image image=&#8221;115&#8243; img_size=&#8221;full&#8221; alignment=&#8221;center&#8221; onclick=&#8221;custom_link&#8221; img_link_target=&#8221;_blank&#8221; link=&#8221;https:\/\/www.linkedin.com\/in\/jocelyn-sepulveda-marticorena-0403bb90\/&#8221;][\/vc_column_inner][\/vc_row_inner][vc_zigzag color=&#8221;custom&#8221; custom_color=&#8221;#0b76bf&#8221;][\/vc_column][\/vc_row][vc_row css=&#8221;.vc_custom_1607963580811{margin-top: 6% !important;}&#8221;][vc_column width=&#8221;1\/4&#8243;][vc_single_image image=&#8221;881&#8243; img_size=&#8221;full&#8221; alignment=&#8221;center&#8221;][vc_column_text css_animation=&#8221;fadeInUp&#8221; css=&#8221;.vc_custom_1754352300842{margin-bottom: 0px !important;}&#8221;]<\/p>\n<h1 style=\"text-align: center; font-size: 2.5em;\"><span style=\"color: #68b663;\"><strong>FRANCESCA ESCOBAR<\/strong><\/span><\/h1>\n<p>[\/vc_column_text][vc_column_text css_animation=&#8221;fadeInUp&#8221; css=&#8221;.vc_custom_1754351805631{margin-top: 4px !important;}&#8221;]<\/p>\n<h1 style=\"text-align: center; font-size: 1.5em;\"><span style=\"color: #000000;\"><strong>ENCARGADA DE COMUNICACIONES<\/strong><\/span><\/h1>\n<p>[\/vc_column_text][vc_row_inner][vc_column_inner][vc_single_image image=&#8221;115&#8243; img_size=&#8221;full&#8221; alignment=&#8221;center&#8221; onclick=&#8221;custom_link&#8221; link=&#8221;https:\/\/www.linkedin.com\/in\/mar\u00edafrancescaescobart\/&#8221;][\/vc_column_inner][\/vc_row_inner][vc_zigzag color=&#8221;custom&#8221; custom_color=&#8221;#0b76bf&#8221;][\/vc_column][vc_column width=&#8221;1\/4&#8243;][vc_single_image image=&#8221;93&#8243; img_size=&#8221;full&#8221; alignment=&#8221;center&#8221;][vc_column_text css_animation=&#8221;fadeInUp&#8221; css=&#8221;.vc_custom_1610771879159{margin-bottom: 0px !important;}&#8221;]<\/p>\n<h1 style=\"text-align: center; font-size: 2.5em;\"><span style=\"color: #68b663;\"><strong>FREDDY CORONADO<\/strong><\/span><\/h1>\n<p>[\/vc_column_text][vc_column_text css_animation=&#8221;fadeInUp&#8221; css=&#8221;.vc_custom_1607960988303{margin-top: 4px !important;}&#8221;]<\/p>\n<h1 style=\"text-align: center; font-size: 1.5em;\"><span style=\"color: #000000;\"><strong>DIRECTOR<\/strong><\/span><\/h1>\n<p>[\/vc_column_text][vc_row_inner][vc_column_inner width=&#8221;1\/2&#8243;][vc_single_image image=&#8221;115&#8243; img_size=&#8221;full&#8221; alignment=&#8221;center&#8221; onclick=&#8221;custom_link&#8221; img_link_target=&#8221;_blank&#8221; link=&#8221;https:\/\/www.linkedin.com\/in\/freddycoronado\/&#8221;][\/vc_column_inner][vc_column_inner width=&#8221;1\/2&#8243;][vc_single_image image=&#8221;108&#8243; img_size=&#8221;full&#8221; alignment=&#8221;center&#8221; onclick=&#8221;custom_link&#8221; img_link_target=&#8221;_blank&#8221; link=&#8221;https:\/\/www.uchile.cl\/portafolio-academico\/impresion.jsf?username=fcorona&#8221;][\/vc_column_inner][\/vc_row_inner][vc_zigzag color=&#8221;custom&#8221; custom_color=&#8221;#0b76bf&#8221;][\/vc_column][vc_column width=&#8221;1\/4&#8243;][vc_single_image image=&#8221;652&#8243; img_size=&#8221;full&#8221; alignment=&#8221;center&#8221;][vc_column_text css_animation=&#8221;fadeInUp&#8221; css=&#8221;.vc_custom_1692054417455{margin-bottom: 0px !important;}&#8221;]<\/p>\n<h1 style=\"text-align: center; font-size: 2.5em;\"><span style=\"color: #68b663;\"><strong>ANITA CORONADO<\/strong><\/span><\/h1>\n<p>[\/vc_column_text][vc_column_text css_animation=&#8221;fadeInUp&#8221; css=&#8221;.vc_custom_1692056262052{margin-top: 4px !important;}&#8221;]<\/p>\n<h1 style=\"text-align: center; font-size: 1.5em;\"><span style=\"color: #000000;\"><strong>DIRECTORA DE FONDOS Y DONACIONES<\/strong><\/span><\/h1>\n<p>[\/vc_column_text][vc_row_inner][vc_column_inner][vc_single_image image=&#8221;115&#8243; img_size=&#8221;full&#8221; alignment=&#8221;center&#8221; onclick=&#8221;custom_link&#8221; img_link_target=&#8221;_blank&#8221; link=&#8221;https:\/\/www.linkedin.com\/in\/anita-mar\u00eda-coronado-m-79522054\/&#8221;][\/vc_column_inner][\/vc_row_inner][vc_zigzag color=&#8221;custom&#8221; custom_color=&#8221;#0b76bf&#8221;][\/vc_column][vc_column width=&#8221;1\/4&#8243;][vc_single_image image=&#8221;100&#8243; img_size=&#8221;full&#8221; alignment=&#8221;center&#8221;][vc_column_text css_animation=&#8221;fadeInUp&#8221; css=&#8221;.vc_custom_1610771891748{margin-bottom: 0px !important;}&#8221;]<\/p>\n<h1 style=\"text-align: center; font-size: 2.5em;\"><span style=\"color: #68b663;\"><strong>KATHERINE RAMIREZ<\/strong><\/span><\/h1>\n<p>[\/vc_column_text][vc_column_text css_animation=&#8221;fadeInUp&#8221; css=&#8221;.vc_custom_1691620865828{margin-top: 4px !important;}&#8221;]<\/p>\n<h1 style=\"text-align: center; font-size: 1.5em;\"><span style=\"color: #000000;\"><strong>DIRECTORA<br \/>\n<\/strong><\/span><\/h1>\n<p>[\/vc_column_text][vc_row_inner][vc_column_inner width=&#8221;1\/2&#8243;][vc_single_image image=&#8221;115&#8243; img_size=&#8221;full&#8221; alignment=&#8221;center&#8221; onclick=&#8221;custom_link&#8221; img_link_target=&#8221;_blank&#8221; link=&#8221;https:\/\/www.linkedin.com\/in\/katherine-andrea-ram%C3%ADrez-mercado-57993125\/&#8221;][\/vc_column_inner][vc_column_inner width=&#8221;1\/2&#8243;][vc_single_image image=&#8221;118&#8243; img_size=&#8221;full&#8221; alignment=&#8221;center&#8221; onclick=&#8221;custom_link&#8221; img_link_target=&#8221;_blank&#8221; link=&#8221;https:\/\/twitter.com\/Kattyandrea_rm&#8221;][\/vc_column_inner][\/vc_row_inner][vc_zigzag color=&#8221;custom&#8221; custom_color=&#8221;#0b76bf&#8221;][\/vc_column][\/vc_row][vc_row][vc_column width=&#8221;1\/3&#8243;][vc_row_inner][vc_column_inner][vc_single_image image=&#8221;256&#8243; img_size=&#8221;full&#8221; alignment=&#8221;center&#8221;][vc_column_text css_animation=&#8221;fadeInUp&#8221; css=&#8221;.vc_custom_1692054142495{margin-bottom: 0px !important;}&#8221;]<\/p>\n<h1 style=\"text-align: center; font-size: 2.5em;\"><span style=\"color: #68b663;\"><strong>ELIZABETH HARRIS<\/strong><\/span><\/h1>\n<p>[\/vc_column_text][vc_column_text css_animation=&#8221;fadeInUp&#8221; css=&#8221;.vc_custom_1692054195485{margin-top: 4px !important;}&#8221;]<\/p>\n<h1 style=\"text-align: center; font-size: 1.5em;\"><span style=\"color: #000000;\"><strong>CONSEJERA DE COMUNICACIONES<\/strong><\/span><\/h1>\n<p>[\/vc_column_text][vc_single_image image=&#8221;115&#8243; img_size=&#8221;full&#8221; alignment=&#8221;center&#8221; onclick=&#8221;custom_link&#8221; img_link_target=&#8221;_blank&#8221; link=&#8221;https:\/\/www.linkedin.com\/in\/elizabeth-harries-16920214\/&#8221;][vc_zigzag color=&#8221;custom&#8221; custom_color=&#8221;#0b76bf&#8221;][\/vc_column_inner][\/vc_row_inner][\/vc_column][vc_column width=&#8221;1\/3&#8243;][vc_row_inner][vc_column_inner][vc_single_image image=&#8221;608&#8243; img_size=&#8221;full&#8221; alignment=&#8221;center&#8221;][vc_column_text css_animation=&#8221;fadeInUp&#8221; css=&#8221;.vc_custom_1662133673870{margin-bottom: 0px !important;}&#8221;]<\/p>\n<h1 style=\"text-align: center; font-size: 2.5em;\"><span style=\"color: #68b663;\"><strong>MAR\u00cdA JOS\u00c9 CAMBLOR<\/strong><\/span><\/h1>\n<p>[\/vc_column_text][vc_column_text css_animation=&#8221;fadeInUp&#8221; css=&#8221;.vc_custom_1754350351219{margin-top: 4px !important;}&#8221;]<\/p>\n<h1 style=\"text-align: center; font-size: 1.5em;\"><span style=\"color: #000000;\"><strong>CONSEJERA<\/strong><\/span><\/h1>\n<p>[\/vc_column_text][\/vc_column_inner][\/vc_row_inner][vc_row_inner][vc_column_inner width=&#8221;1\/2&#8243;][vc_single_image image=&#8221;115&#8243; img_size=&#8221;full&#8221; alignment=&#8221;center&#8221; onclick=&#8221;custom_link&#8221; img_link_target=&#8221;_blank&#8221; link=&#8221;https:\/\/www.linkedin.com\/in\/mcamblor\/&#8221;][\/vc_column_inner][vc_column_inner width=&#8221;1\/2&#8243;][vc_single_image image=&#8221;613&#8243; img_size=&#8221;full&#8221; alignment=&#8221;center&#8221; onclick=&#8221;custom_link&#8221; img_link_target=&#8221;_blank&#8221; link=&#8221;https:\/\/www.instagram.com\/cote.camblor\/&#8221;][\/vc_column_inner][\/vc_row_inner][vc_zigzag color=&#8221;custom&#8221; custom_color=&#8221;#0b76bf&#8221;][\/vc_column][vc_column width=&#8221;1\/3&#8243;][vc_row_inner][vc_column_inner][vc_single_image image=&#8221;883&#8243; img_size=&#8221;full&#8221; alignment=&#8221;center&#8221;][vc_column_text css_animation=&#8221;fadeInUp&#8221; css=&#8221;.vc_custom_1702335892042{margin-bottom: 0px !important;}&#8221;]<\/p>\n<h1 style=\"text-align: center; font-size: 2.5em;\"><span style=\"color: #68b663;\"><strong>MACARENA N\u00da\u00d1EZ PARRA<\/strong><\/span><\/h1>\n<p>[\/vc_column_text][vc_column_text css_animation=&#8221;fadeInUp&#8221; css=&#8221;.vc_custom_1702335900798{margin-top: 4px !important;}&#8221;]<\/p>\n<h1 style=\"text-align: center; font-size: 1.5em;\"><strong>CONSEJERA<\/strong><\/h1>\n<p>[\/vc_column_text][\/vc_column_inner][\/vc_row_inner][vc_row_inner][vc_column_inner][vc_single_image image=&#8221;115&#8243; img_size=&#8221;full&#8221; alignment=&#8221;center&#8221; onclick=&#8221;custom_link&#8221; img_link_target=&#8221;_blank&#8221; link=&#8221;https:\/\/www.linkedin.com\/in\/macarena-n\u00fa\u00f1ez-parra-9987b551\/&#8221;][\/vc_column_inner][\/vc_row_inner][vc_zigzag color=&#8221;custom&#8221; custom_color=&#8221;#0b76bf&#8221;][\/vc_column][\/vc_row][vc_row][vc_column width=&#8221;1\/3&#8243;][vc_row_inner][vc_column_inner][vc_single_image image=&#8221;989&#8243; img_size=&#8221;full&#8221; alignment=&#8221;center&#8221;][vc_column_text css_animation=&#8221;fadeInUp&#8221; css=&#8221;.vc_custom_1762050325933{margin-bottom: 0px !important;}&#8221;]<\/p>\n<h1 style=\"text-align: center; font-size: 2.5em;\"><span style=\"color: #68b663;\"><strong>PAOLA GUAJARDO<\/strong><\/span><\/h1>\n<p>[\/vc_column_text][vc_column_text css_animation=&#8221;fadeInUp&#8221; css=&#8221;.vc_custom_1762050335150{margin-top: 4px !important;}&#8221;]<\/p>\n<h1 style=\"text-align: center; font-size: 1.5em;\"><span style=\"color: #000000;\"><strong>CONSEJERA<\/strong><\/span><\/h1>\n<p>[\/vc_column_text][vc_single_image image=&#8221;115&#8243; img_size=&#8221;full&#8221; alignment=&#8221;center&#8221; onclick=&#8221;custom_link&#8221; img_link_target=&#8221;_blank&#8221; link=&#8221;https:\/\/www.linkedin.com\/in\/elizabeth-harries-16920214\/&#8221;][vc_zigzag color=&#8221;custom&#8221; custom_color=&#8221;#0b76bf&#8221;][\/vc_column_inner][\/vc_row_inner][\/vc_column][vc_column width=&#8221;1\/3&#8243;][\/vc_column][vc_column width=&#8221;1\/3&#8243;][vc_row_inner][vc_column_inner][vc_single_image image=&#8221;96&#8243; img_size=&#8221;full&#8221; alignment=&#8221;center&#8221;][vc_column_text css_animation=&#8221;fadeInUp&#8221; css=&#8221;.vc_custom_1692054433944{margin-bottom: 0px !important;}&#8221;]<\/p>\n<h1 style=\"text-align: center; font-size: 2.5em;\"><span style=\"color: #68b663;\"><strong>OSCAR JEREZ<\/strong><\/span><\/h1>\n<p>[\/vc_column_text][vc_column_text css_animation=&#8221;fadeInUp&#8221; css=&#8221;.vc_custom_1692054461625{margin-top: 4px !important;}&#8221;]<\/p>\n<h1 style=\"text-align: center; font-size: 1.5em;\"><strong>CONSEJERO<\/strong><\/h1>\n<p>[\/vc_column_text][\/vc_column_inner][\/vc_row_inner][vc_row_inner][vc_column_inner width=&#8221;1\/2&#8243;][vc_single_image image=&#8221;115&#8243; img_size=&#8221;full&#8221; alignment=&#8221;center&#8221; onclick=&#8221;custom_link&#8221; img_link_target=&#8221;_blank&#8221; link=&#8221;https:\/\/www.linkedin.com\/in\/oscar-jerez-7817a442\/&#8221;][\/vc_column_inner][vc_column_inner width=&#8221;1\/2&#8243;][vc_single_image image=&#8221;108&#8243; img_size=&#8221;full&#8221; alignment=&#8221;center&#8221; onclick=&#8221;custom_link&#8221; img_link_target=&#8221;_blank&#8221; link=&#8221;https:\/\/scholar.google.cl\/citations?user=tiQyFSYAAAAJ&amp;hl=es&#8221;][\/vc_column_inner][\/vc_row_inner][vc_zigzag color=&#8221;custom&#8221; custom_color=&#8221;#0b76bf&#8221;][\/vc_column][\/vc_row]<\/p>\n","protected":false},"excerpt":{"rendered":"<p>[vc_row css=&#8221;.vc_custom_1608054173974{margin-right: 8% !important;margin-left: 8% !important;}&#8221;][vc_column][vc_column_text] Somos un equipo multidisciplinario unidos por un objetivo en com\u00fan para generar un impacto social en la brecha educacional de los escolares de nuestro pa\u00eds. [\/vc_column_text][\/vc_column][\/vc_row][vc_row][vc_column][vc_tta_accordion][vc_tta_section tab_id=&#8221;1610858004216-9365ae91-4e7d&#8221; title=&#8221; Prop\u00f3sitos &#8220;][vc_column_text] Promover el acceso y uso sostenible de la tecnolog\u00eda que permitan contribuir hacia una educaci\u00f3n de calidad, tanto al [&hellip;]<\/p>\n","protected":false},"author":1,"featured_media":0,"parent":0,"menu_order":0,"comment_status":"closed","ping_status":"closed","template":"","meta":[],"_links":{"self":[{"href":"https:\/\/www.iluminasuenos.cl\/sitio\/wp-json\/wp\/v2\/pages\/9"}],"collection":[{"href":"https:\/\/www.iluminasuenos.cl\/sitio\/wp-json\/wp\/v2\/pages"}],"about":[{"href":"https:\/\/www.iluminasuenos.cl\/sitio\/wp-json\/wp\/v2\/types\/page"}],"author":[{"embeddable":true,"href":"https:\/\/www.iluminasuenos.cl\/sitio\/wp-json\/wp\/v2\/users\/1"}],"replies":[{"embeddable":true,"href":"https:\/\/www.iluminasuenos.cl\/sitio\/wp-json\/wp\/v2\/comments?post=9"}],"version-history":[{"count":96,"href":"https:\/\/www.iluminasuenos.cl\/sitio\/wp-json\/wp\/v2\/pages\/9\/revisions"}],"predecessor-version":[{"id":990,"href":"https:\/\/www.iluminasuenos.cl\/sitio\/wp-json\/wp\/v2\/pages\/9\/revisions\/990"}],"wp:attachment":[{"href":"https:\/\/www.iluminasuenos.cl\/sitio\/wp-json\/wp\/v2\/media?parent=9"}],"curies":[{"name":"wp","href":"https:\/\/api.w.org\/{rel}","templated":true}]}}