{"id":8,"date":"2020-12-07T15:44:22","date_gmt":"2020-12-07T18:44:22","guid":{"rendered":"https:\/\/www.iluminasuenos.cl\/sitio\/?page_id=8"},"modified":"2022-01-13T22:47:08","modified_gmt":"2022-01-14T01:47:08","slug":"inicio","status":"publish","type":"page","link":"https:\/\/www.iluminasuenos.cl\/sitio\/","title":{"rendered":"Inicio"},"content":{"rendered":"<p>[vc_row full_width=&#8221;stretch_row_content_no_spaces&#8221; css=&#8221;.vc_custom_1607462141482{margin-top: 0px !important;margin-right: 0px !important;margin-bottom: 0px !important;margin-left: 0px !important;}&#8221;][vc_column]\n\t\t\t<!-- START Slider 1 REVOLUTION SLIDER 6.2.9 --><p class=\"rs-p-wp-fix\"><\/p>\n\t\t\t<rs-module-wrap id=\"rev_slider_1_1_wrapper\" data-source=\"gallery\" style=\"background:transparent;padding:0;margin:0px auto;margin-top:0;margin-bottom:0;\">\n\t\t\t\t<rs-module id=\"rev_slider_1_1\" style=\"\" data-version=\"6.2.9\">\n\t\t\t\t\t<rs-slides>\n\t\t\t\t\t\t<rs-slide data-key=\"rs-1\" data-title=\"Slide\" data-anim=\"ei:d;eo:d;s:1000;r:0;t:fade;sl:0;\">\n\t\t\t\t\t\t\t<img src=\"\/\/www.iluminasuenos.cl\/sitio\/wp-content\/plugins\/revslider\/public\/assets\/assets\/transparent.png\" title=\"Inicio\" class=\"rev-slidebg\" data-no-retina>\n\t\t\t\t\t\t\t<rs-bgvideo \n\t\t\t\t\t\t\t\tdata-video=\"w:100%;h:100%;nse:false;l:true;ptimer:false;\"\n\t\t\t\t\t\t\t\tdata-mp4=\"\/\/www.iluminasuenos.cl\/sitio\/wp-content\/uploads\/2020\/12\/11.mp4\"\n\t\t\t\t\t\t\t><\/rs-bgvideo>\n<!--\n\t\t\t\t\t\t\t--><rs-layer\n\t\t\t\t\t\t\t\tid=\"slider-1-slide-1-layer-1\" \n\t\t\t\t\t\t\t\tdata-type=\"text\"\n\t\t\t\t\t\t\t\tdata-rsp_ch=\"on\"\n\t\t\t\t\t\t\t\tdata-xy=\"xo:673px,358px,271px,39px;yo:202px,107px,81px,198px;\"\n\t\t\t\t\t\t\t\tdata-text=\"w:normal;s:77,41,31,52;l:66,35,26,44;\"\n\t\t\t\t\t\t\t\tdata-dim=\"h:91px,48px,36px,60px;\"\n\t\t\t\t\t\t\t\tdata-frame_0=\"x:0,0,0,0px;y:0,0,0,0px;\"\n\t\t\t\t\t\t\t\tdata-frame_1=\"x:0,0,0,0px;y:0,0,0,0px;\"\n\t\t\t\t\t\t\t\tdata-frame_999=\"o:0;st:4000;\"\n\t\t\t\t\t\t\t\tstyle=\"z-index:5;font-family:Amatic SC;\"\n\t\t\t\t\t\t\t>Acortando<br\/>la brecha digital \n\t\t\t\t\t\t\t<\/rs-layer><!--\n-->\t\t\t\t\t\t<\/rs-slide>\n\t\t\t\t\t\t<rs-slide data-key=\"rs-2\" data-title=\"Slide\" data-anim=\"ei:d;eo:d;s:1000;r:0;t:fade;sl:0;\">\n\t\t\t\t\t\t\t<img src=\"\/\/www.iluminasuenos.cl\/sitio\/wp-content\/plugins\/revslider\/public\/assets\/assets\/transparent.png\" title=\"Inicio\" class=\"rev-slidebg\" data-no-retina>\n\t\t\t\t\t\t\t<rs-bgvideo \n\t\t\t\t\t\t\t\tdata-video=\"w:100%;h:100%;nse:false;l:true;ptimer:false;\"\n\t\t\t\t\t\t\t\tdata-mp4=\"\/\/www.iluminasuenos.cl\/sitio\/wp-content\/uploads\/2020\/12\/22.mp4\"\n\t\t\t\t\t\t\t><\/rs-bgvideo>\n<!--\n\t\t\t\t\t\t\t--><rs-layer\n\t\t\t\t\t\t\t\tid=\"slider-1-slide-2-layer-1\" \n\t\t\t\t\t\t\t\tdata-type=\"text\"\n\t\t\t\t\t\t\t\tdata-rsp_ch=\"on\"\n\t\t\t\t\t\t\t\tdata-xy=\"xo:673px,358px,271px,35px;yo:202px,107px,81px,186px;\"\n\t\t\t\t\t\t\t\tdata-text=\"w:normal;s:66,35,26,48;l:55,29,22,39;\"\n\t\t\t\t\t\t\t\tdata-dim=\"h:91px,48px,36px,66px;\"\n\t\t\t\t\t\t\t\tdata-frame_0=\"x:0,0,0,0px;y:0,0,0,0px;\"\n\t\t\t\t\t\t\t\tdata-frame_1=\"x:0,0,0,0px;y:0,0,0,0px;\"\n\t\t\t\t\t\t\t\tdata-frame_999=\"o:0;st:4000;\"\n\t\t\t\t\t\t\t\tstyle=\"z-index:5;font-family:Amatic SC;\"\n\t\t\t\t\t\t\t>Para todas las ni\u00f1as,<br\/>ni\u00f1os y adolescentes<br\/>de nuestro pa\u00eds \n\t\t\t\t\t\t\t<\/rs-layer><!--\n-->\t\t\t\t\t\t<\/rs-slide>\n\t\t\t\t\t\t<rs-slide data-key=\"rs-3\" data-title=\"Slide\" data-anim=\"ei:d;eo:d;s:1000;r:0;t:fade;sl:0;\">\n\t\t\t\t\t\t\t<img src=\"\/\/www.iluminasuenos.cl\/sitio\/wp-content\/plugins\/revslider\/public\/assets\/assets\/transparent.png\" title=\"Inicio\" class=\"rev-slidebg\" data-no-retina>\n\t\t\t\t\t\t\t<rs-bgvideo \n\t\t\t\t\t\t\t\tdata-video=\"w:100%;h:100%;nse:false;l:true;ptimer:false;\"\n\t\t\t\t\t\t\t\tdata-mp4=\"\/\/www.iluminasuenos.cl\/sitio\/wp-content\/uploads\/2020\/12\/33.mp4\"\n\t\t\t\t\t\t\t><\/rs-bgvideo>\n<!--\n\t\t\t\t\t\t\t--><rs-layer\n\t\t\t\t\t\t\t\tid=\"slider-1-slide-3-layer-1\" \n\t\t\t\t\t\t\t\tdata-type=\"text\"\n\t\t\t\t\t\t\t\tdata-rsp_ch=\"on\"\n\t\t\t\t\t\t\t\tdata-xy=\"xo:673px,358px,271px,36px;yo:202px,107px,81px,189px;\"\n\t\t\t\t\t\t\t\tdata-text=\"w:normal;s:44,23,17,26;l:44,23,17,26;\"\n\t\t\t\t\t\t\t\tdata-dim=\"w:519.986px,276px,209px,326px;\"\n\t\t\t\t\t\t\t\tdata-frame_0=\"x:0,0,0,0px;y:0,0,0,0px;\"\n\t\t\t\t\t\t\t\tdata-frame_1=\"x:0,0,0,0px;y:0,0,0,0px;\"\n\t\t\t\t\t\t\t\tdata-frame_999=\"o:0;st:4000;\"\n\t\t\t\t\t\t\t\tstyle=\"z-index:5;font-family:Amatic SC;\"\n\t\t\t\t\t\t\t>Promover igualdad de oportunidades a los ni\u00f1os, ni\u00f1as y adolescentes m\u00e1s vulnerables del pa\u00eds a trav\u00e9s del acceso y uso sostenible de la tecnolog\u00eda \n\t\t\t\t\t\t\t<\/rs-layer><!--\n-->\t\t\t\t\t\t<\/rs-slide>\n\t\t\t\t\t<\/rs-slides>\n\t\t\t\t<\/rs-module>\n\t\t\t\t<script type=\"text\/javascript\">\n\t\t\t\t\tsetREVStartSize({c: 'rev_slider_1_1',rl:[1240,1024,778,480],el:[800,767.986,960,720],gw:[1920,1024,778,480],gh:[800,768,960,720],type:'standard',justify:'',layout:'fullwidth',mh:\"0\"});\n\t\t\t\t\tvar\trevapi1,\n\t\t\t\t\t\ttpj;\n\t\t\t\t\tjQuery(function() {\n\t\t\t\t\t\ttpj = jQuery;\n\t\t\t\t\t\trevapi1 = tpj(\"#rev_slider_1_1\")\n\t\t\t\t\t\tif(revapi1==undefined || revapi1.revolution == undefined){\n\t\t\t\t\t\t\trevslider_showDoubleJqueryError(\"rev_slider_1_1\");\n\t\t\t\t\t\t}else{\n\t\t\t\t\t\t\trevapi1.revolution({\n\t\t\t\t\t\t\t\tduration:\"8000ms\",\n\t\t\t\t\t\t\t\tvisibilityLevels:\"1240,1024,778,480\",\n\t\t\t\t\t\t\t\tgridwidth:\"1920,1024,778,480\",\n\t\t\t\t\t\t\t\tgridheight:\"800,768,960,720\",\n\t\t\t\t\t\t\t\tspinner:\"spinner0\",\n\t\t\t\t\t\t\t\tperspective:600,\n\t\t\t\t\t\t\t\tperspectiveType:\"global\",\n\t\t\t\t\t\t\t\teditorheight:\"800,767.986,960,720\",\n\t\t\t\t\t\t\t\tresponsiveLevels:\"1240,1024,778,480\",\n\t\t\t\t\t\t\t\tprogressBar:{disableProgressBar:true},\n\t\t\t\t\t\t\t\tnavigation: {\n\t\t\t\t\t\t\t\t\tonHoverStop:false\n\t\t\t\t\t\t\t\t},\n\t\t\t\t\t\t\t\tfallbacks: {\n\t\t\t\t\t\t\t\t\tallowHTML5AutoPlayOnAndroid:true\n\t\t\t\t\t\t\t\t},\n\t\t\t\t\t\t\t});\n\t\t\t\t\t\t}\n\t\t\t\t\t\t\n\t\t\t\t\t});\n\t\t\t\t<\/script>\n\t\t\t<\/rs-module-wrap>\n\t\t\t<!-- END REVOLUTION SLIDER -->\n[\/vc_column][\/vc_row][vc_row css=&#8221;.vc_custom_1607464880870{margin-top: 6% !important;}&#8221;][vc_column width=&#8221;1\/3&#8243;][vc_column_text]<\/p>\n<h1 style=\"text-align: center;\"><strong><span style=\"color: #f76b27; font-size: 1.4em;\">ACORTANDO BRECHA DIGITAL<\/span><\/strong><\/h1>\n<p>[\/vc_column_text][vc_raw_html]JTNDdmlkZW8lMjBpZCUzRCUyMm9jU2NyZWVuY2FwVmlkZW8lMjIlMjBhdXRvcGxheSUzRCUyMmF1dG9wbGF5JTIyJTIwbXV0ZWQlM0QlMjJtdXRlZCUyMiUyMGxvb3AlM0QlMjJsb29wJTIyJTIwcGxheXNpbmxpbmUlM0QlMjJwbGF5c2lubGluZSUyMiUyMHByZWxvYWQlM0QlMjJtZXRhZGF0YSUyMiUyMGRhdGEtYW9zJTNEJTIyZmFkZS11cCUyMiUyMHN0eWxlJTNEJTIyd2lkdGglM0ExMDAlMjUlM0IlMjBoZWlnaHQlM0FhdXRvJTNCJTIyJTNFJTIwJTNDc291cmNlJTIwc3JjJTNEJTIyaHR0cHMlM0ElMkYlMkZ3d3cuaWx1bWluYXN1ZW5vcy5jbCUyRnNpdGlvJTJGd3AtY29udGVudCUyRnVwbG9hZHMlMkYyMDIwJTJGMTIlMkZoMS5tcDQlMjIlMjB0eXBlJTNEJTIydmlkZW8lMkZtcDQlMjIlM0U=[\/vc_raw_html][vc_column_text css_animation=&#8221;fadeIn&#8221;]<\/p>\n<h4 style=\"text-align: center;\">Acortando la brecha para una educaci\u00f3n escolar m\u00e1s igualitaria de ni\u00f1as y ni\u00f1os en edad escolar.<\/h4>\n<p>[\/vc_column_text][\/vc_column][vc_column width=&#8221;1\/3&#8243;][vc_column_text]<\/p>\n<h1 style=\"text-align: center;\"><strong><span style=\"color: #fca63d; font-size: 1.4em;\">CAPACITACI\u00d3N<\/span><\/strong><\/h1>\n<p>[\/vc_column_text][vc_raw_html]JTNDdmlkZW8lMjBpZCUzRCUyMm9jU2NyZWVuY2FwVmlkZW8lMjIlMjBhdXRvcGxheSUzRCUyMmF1dG9wbGF5JTIyJTIwbXV0ZWQlM0QlMjJtdXRlZCUyMiUyMGxvb3AlM0QlMjJsb29wJTIyJTIwcGxheXNpbmxpbmUlM0QlMjJwbGF5c2lubGluZSUyMiUyMHByZWxvYWQlM0QlMjJtZXRhZGF0YSUyMiUyMGRhdGEtYW9zJTNEJTIyZmFkZS11cCUyMiUyMHN0eWxlJTNEJTIyd2lkdGglM0ExMDAlMjUlM0IlMjBoZWlnaHQlM0FhdXRvJTNCJTIyJTNFJTIwJTNDc291cmNlJTIwc3JjJTNEJTIyaHR0cHMlM0ElMkYlMkZ3d3cuaWx1bWluYXN1ZW5vcy5jbCUyRnNpdGlvJTJGd3AtY29udGVudCUyRnVwbG9hZHMlMkYyMDIwJTJGMTIlMkZoMi5tcDQlMjIlMjB0eXBlJTNEJTIydmlkZW8lMkZtcDQlMjIlM0U=[\/vc_raw_html][vc_column_text css_animation=&#8221;fadeIn&#8221;]<\/p>\n<h4 style=\"text-align: center;\">Proyecto para entregar nuevas herramientas a las comunidades.<\/h4>\n<p>[\/vc_column_text][\/vc_column][vc_column width=&#8221;1\/3&#8243;][vc_column_text]<\/p>\n<h1 style=\"text-align: center;\"><strong><span style=\"color: #68b663; font-size: 1.4em;\">INVESTIGACI\u00d3N<\/span><\/strong><\/h1>\n<p>[\/vc_column_text][vc_raw_html]JTNDdmlkZW8lMjBpZCUzRCUyMm9jU2NyZWVuY2FwVmlkZW8lMjIlMjBhdXRvcGxheSUzRCUyMmF1dG9wbGF5JTIyJTIwbXV0ZWQlM0QlMjJtdXRlZCUyMiUyMGxvb3AlM0QlMjJsb29wJTIyJTIwcGxheXNpbmxpbmUlM0QlMjJwbGF5c2lubGluZSUyMiUyMHByZWxvYWQlM0QlMjJtZXRhZGF0YSUyMiUyMGRhdGEtYW9zJTNEJTIyZmFkZS11cCUyMiUyMHN0eWxlJTNEJTIyd2lkdGglM0ExMDAlMjUlM0IlMjBoZWlnaHQlM0FhdXRvJTNCJTIyJTNFJTIwJTNDc291cmNlJTIwc3JjJTNEJTIyaHR0cHMlM0ElMkYlMkZ3d3cuaWx1bWluYXN1ZW5vcy5jbCUyRnNpdGlvJTJGd3AtY29udGVudCUyRnVwbG9hZHMlMkYyMDIwJTJGMTIlMkZoMy5tcDQlMjIlMjB0eXBlJTNEJTIydmlkZW8lMkZtcDQlMjIlM0U=[\/vc_raw_html][vc_column_text css_animation=&#8221;fadeIn&#8221;]<\/p>\n<h4 style=\"text-align: center;\">Realizaci\u00f3n de estudios sociales y de impacto en la comunidad.<\/h4>\n<p>[\/vc_column_text][\/vc_column][\/vc_row][vc_row css=&#8221;.vc_custom_1607464755706{margin-top: 4% !important;margin-bottom: 4% !important;}&#8221;][vc_column][vc_zigzag color=&#8221;purple&#8221;][\/vc_column][\/vc_row][vc_row][vc_column width=&#8221;1\/2&#8243;][vc_column_text]<\/p>\n<h1 style=\"text-align: center;\"><strong><span style=\"color: #000000; font-size: 1.4em;\">\u00bfQu\u00e9 queremos entregar a los NNA?<br \/>\n<\/span><\/strong><\/h1>\n<p>[\/vc_column_text][vc_column_text css_animation=&#8221;fadeIn&#8221;]<\/p>\n<ul>\n<li>\n<h4>El derecho de igualdad de oportunidades<\/h4>\n<\/li>\n<li>\n<h4>El derecho a educarse online<\/h4>\n<\/li>\n<li>\n<h4>El derecho a la libre expresi\u00f3n, a jugar y descansar<\/h4>\n<\/li>\n<li>\n<h4>La posibilidad de disminuir la brecha digital<\/h4>\n<\/li>\n<\/ul>\n<p>[\/vc_column_text][\/vc_column][vc_column width=&#8221;1\/2&#8243;][vc_single_image image=&#8221;49&#8243; img_size=&#8221;full&#8221;][\/vc_column][\/vc_row][vc_row css=&#8221;.vc_custom_1607464767538{margin-top: 4% !important;margin-bottom: 4% !important;}&#8221;][vc_column][vc_zigzag color=&#8221;juicy_pink&#8221;][\/vc_column][\/vc_row][vc_row][vc_column][vc_column_text]<\/p>\n<h1 style=\"text-align: center;\"><strong><span style=\"color: #000000; font-size: 1.4em;\">Te necesitamos, \u00a1PARTICIPA!<\/span><\/strong><\/h1>\n<p>[\/vc_column_text][\/vc_column][\/vc_row][vc_row css=&#8221;.vc_custom_1608095140584{margin-top: 12px !important;margin-bottom: 4% !important;}&#8221;][vc_column width=&#8221;1\/3&#8243;][vc_single_image image=&#8221;74&#8243; img_size=&#8221;full&#8221; alignment=&#8221;center&#8221; onclick=&#8221;custom_link&#8221; link=&#8221;https:\/\/www.iluminasuenos.cl\/sitio\/nuestros-proyectos\/&#8221;][\/vc_column][vc_column width=&#8221;1\/3&#8243;][vc_single_image image=&#8221;326&#8243; img_size=&#8221;full&#8221; alignment=&#8221;center&#8221; onclick=&#8221;custom_link&#8221; link=&#8221;https:\/\/www.iluminasuenos.cl\/sitio\/quienes-somos\/&#8221;][\/vc_column][vc_column width=&#8221;1\/3&#8243;][vc_single_image image=&#8221;73&#8243; img_size=&#8221;full&#8221; alignment=&#8221;center&#8221; onclick=&#8221;custom_link&#8221; link=&#8221;https:\/\/www.iluminasuenos.cl\/sitio\/unete-a-nosotros\/&#8221;][\/vc_column][\/vc_row][vc_row css=&#8221;.vc_custom_1608094807995{margin-top: 2% !important;margin-bottom: 4% !important;}&#8221;][vc_column][vc_zigzag color=&#8221;orange&#8221;][\/vc_column][\/vc_row][vc_row][vc_column width=&#8221;1\/2&#8243;][vc_column_text]<\/p>\n<h1 style=\"text-align: center;\"><strong><span style=\"color: #000000; font-size: 1.4em;\">Dona un PC<\/span><\/strong><\/h1>\n<p>[\/vc_column_text][vc_column_text css_animation=&#8221;fadeIn&#8221;]<\/p>\n<h4 style=\"text-align: justify;\">La campa\u00f1a pretende ser un aporte concreto para que en estos tiempos de especial complejidad, cada escolar tenga las herramientas necesarias para proseguir con su educaci\u00f3n a distancia. Puedes donar un computador o tablet en buenas o malas condiciones porque nosotros nos preocuparemos de repararlo para entregarlo operando perfectamente.<\/h4>\n<p>[\/vc_column_text][\/vc_column][vc_column width=&#8221;1\/2&#8243;][vc_raw_html]JTNDdmlkZW8lMjBpZCUzRCUyMm9jU2NyZWVuY2FwVmlkZW8lMjIlMjBhdXRvcGxheSUzRCUyMmF1dG9wbGF5JTIyJTIwbXV0ZWQlM0QlMjJtdXRlZCUyMiUyMGxvb3AlM0QlMjJsb29wJTIyJTIwcGxheXNpbmxpbmUlM0QlMjJwbGF5c2lubGluZSUyMiUyMHByZWxvYWQlM0QlMjJtZXRhZGF0YSUyMiUyMGRhdGEtYW9zJTNEJTIyZmFkZS11cCUyMiUyMHN0eWxlJTNEJTIyd2lkdGglM0ExMDAlMjUlM0IlMjBoZWlnaHQlM0FhdXRvJTNCJTIyJTNFJTIwJTNDc291cmNlJTIwc3JjJTNEJTIyaHR0cHMlM0ElMkYlMkZ3d3cuaWx1bWluYXN1ZW5vcy5jbCUyRnNpdGlvJTJGd3AtY29udGVudCUyRnVwbG9hZHMlMkYyMDIwJTJGMTIlMkZkb24ubXA0JTIyJTIwdHlwZSUzRCUyMnZpZGVvJTJGbXA0JTIyJTNF[\/vc_raw_html][\/vc_column][\/vc_row][vc_row css=&#8221;.vc_custom_1608094807995{margin-top: 2% !important;margin-bottom: 4% !important;}&#8221;][vc_column][vc_zigzag color=&#8221;orange&#8221;][\/vc_column][\/vc_row][vc_row][vc_column][vc_single_image image=&#8221;383&#8243; img_size=&#8221;full&#8221; alignment=&#8221;center&#8221; onclick=&#8221;custom_link&#8221; link=&#8221;https:\/\/www.iluminasuenos.cl\/sitio\/donaciones\/&#8221;][\/vc_column][\/vc_row]<\/p>\n","protected":false},"excerpt":{"rendered":"<p>[vc_row full_width=&#8221;stretch_row_content_no_spaces&#8221; css=&#8221;.vc_custom_1607462141482{margin-top: 0px !important;margin-right: 0px !important;margin-bottom: 0px !important;margin-left: 0px !important;}&#8221;][vc_column][\/vc_column][\/vc_row][vc_row css=&#8221;.vc_custom_1607464880870{margin-top: 6% !important;}&#8221;][vc_column width=&#8221;1\/3&#8243;][vc_column_text] ACORTANDO BRECHA DIGITAL [\/vc_column_text][vc_raw_html]JTNDdmlkZW8lMjBpZCUzRCUyMm9jU2NyZWVuY2FwVmlkZW8lMjIlMjBhdXRvcGxheSUzRCUyMmF1dG9wbGF5JTIyJTIwbXV0ZWQlM0QlMjJtdXRlZCUyMiUyMGxvb3AlM0QlMjJsb29wJTIyJTIwcGxheXNpbmxpbmUlM0QlMjJwbGF5c2lubGluZSUyMiUyMHByZWxvYWQlM0QlMjJtZXRhZGF0YSUyMiUyMGRhdGEtYW9zJTNEJTIyZmFkZS11cCUyMiUyMHN0eWxlJTNEJTIyd2lkdGglM0ExMDAlMjUlM0IlMjBoZWlnaHQlM0FhdXRvJTNCJTIyJTNFJTIwJTNDc291cmNlJTIwc3JjJTNEJTIyaHR0cHMlM0ElMkYlMkZ3d3cuaWx1bWluYXN1ZW5vcy5jbCUyRnNpdGlvJTJGd3AtY29udGVudCUyRnVwbG9hZHMlMkYyMDIwJTJGMTIlMkZoMS5tcDQlMjIlMjB0eXBlJTNEJTIydmlkZW8lMkZtcDQlMjIlM0U=[\/vc_raw_html][vc_column_text css_animation=&#8221;fadeIn&#8221;] Acortando la brecha para una educaci\u00f3n escolar m\u00e1s igualitaria de ni\u00f1as y ni\u00f1os en edad escolar. [\/vc_column_text][\/vc_column][vc_column width=&#8221;1\/3&#8243;][vc_column_text] CAPACITACI\u00d3N [\/vc_column_text][vc_raw_html]JTNDdmlkZW8lMjBpZCUzRCUyMm9jU2NyZWVuY2FwVmlkZW8lMjIlMjBhdXRvcGxheSUzRCUyMmF1dG9wbGF5JTIyJTIwbXV0ZWQlM0QlMjJtdXRlZCUyMiUyMGxvb3AlM0QlMjJsb29wJTIyJTIwcGxheXNpbmxpbmUlM0QlMjJwbGF5c2lubGluZSUyMiUyMHByZWxvYWQlM0QlMjJtZXRhZGF0YSUyMiUyMGRhdGEtYW9zJTNEJTIyZmFkZS11cCUyMiUyMHN0eWxlJTNEJTIyd2lkdGglM0ExMDAlMjUlM0IlMjBoZWlnaHQlM0FhdXRvJTNCJTIyJTNFJTIwJTNDc291cmNlJTIwc3JjJTNEJTIyaHR0cHMlM0ElMkYlMkZ3d3cuaWx1bWluYXN1ZW5vcy5jbCUyRnNpdGlvJTJGd3AtY29udGVudCUyRnVwbG9hZHMlMkYyMDIwJTJGMTIlMkZoMi5tcDQlMjIlMjB0eXBlJTNEJTIydmlkZW8lMkZtcDQlMjIlM0U=[\/vc_raw_html][vc_column_text css_animation=&#8221;fadeIn&#8221;] Proyecto para entregar nuevas herramientas a las comunidades. [\/vc_column_text][\/vc_column][vc_column width=&#8221;1\/3&#8243;][vc_column_text] INVESTIGACI\u00d3N [\/vc_column_text][vc_raw_html]JTNDdmlkZW8lMjBpZCUzRCUyMm9jU2NyZWVuY2FwVmlkZW8lMjIlMjBhdXRvcGxheSUzRCUyMmF1dG9wbGF5JTIyJTIwbXV0ZWQlM0QlMjJtdXRlZCUyMiUyMGxvb3AlM0QlMjJsb29wJTIyJTIwcGxheXNpbmxpbmUlM0QlMjJwbGF5c2lubGluZSUyMiUyMHByZWxvYWQlM0QlMjJtZXRhZGF0YSUyMiUyMGRhdGEtYW9zJTNEJTIyZmFkZS11cCUyMiUyMHN0eWxlJTNEJTIyd2lkdGglM0ExMDAlMjUlM0IlMjBoZWlnaHQlM0FhdXRvJTNCJTIyJTNFJTIwJTNDc291cmNlJTIwc3JjJTNEJTIyaHR0cHMlM0ElMkYlMkZ3d3cuaWx1bWluYXN1ZW5vcy5jbCUyRnNpdGlvJTJGd3AtY29udGVudCUyRnVwbG9hZHMlMkYyMDIwJTJGMTIlMkZoMy5tcDQlMjIlMjB0eXBlJTNEJTIydmlkZW8lMkZtcDQlMjIlM0U=[\/vc_raw_html][vc_column_text css_animation=&#8221;fadeIn&#8221;] Realizaci\u00f3n [&hellip;]<\/p>\n","protected":false},"author":1,"featured_media":0,"parent":0,"menu_order":0,"comment_status":"closed","ping_status":"open","template":"","meta":[],"_links":{"self":[{"href":"https:\/\/www.iluminasuenos.cl\/sitio\/wp-json\/wp\/v2\/pages\/8"}],"collection":[{"href":"https:\/\/www.iluminasuenos.cl\/sitio\/wp-json\/wp\/v2\/pages"}],"about":[{"href":"https:\/\/www.iluminasuenos.cl\/sitio\/wp-json\/wp\/v2\/types\/page"}],"author":[{"embeddable":true,"href":"https:\/\/www.iluminasuenos.cl\/sitio\/wp-json\/wp\/v2\/users\/1"}],"replies":[{"embeddable":true,"href":"https:\/\/www.iluminasuenos.cl\/sitio\/wp-json\/wp\/v2\/comments?post=8"}],"version-history":[{"count":55,"href":"https:\/\/www.iluminasuenos.cl\/sitio\/wp-json\/wp\/v2\/pages\/8\/revisions"}],"predecessor-version":[{"id":384,"href":"https:\/\/www.iluminasuenos.cl\/sitio\/wp-json\/wp\/v2\/pages\/8\/revisions\/384"}],"wp:attachment":[{"href":"https:\/\/www.iluminasuenos.cl\/sitio\/wp-json\/wp\/v2\/media?parent=8"}],"curies":[{"name":"wp","href":"https:\/\/api.w.org\/{rel}","templated":true}]}}