{"id":785,"date":"2024-08-15T14:06:21","date_gmt":"2024-08-15T17:06:21","guid":{"rendered":"https:\/\/www.iluminasuenos.cl\/sitio\/?page_id=785"},"modified":"2026-02-27T00:05:03","modified_gmt":"2026-02-27T03:05:03","slug":"recursos","status":"publish","type":"page","link":"https:\/\/www.iluminasuenos.cl\/sitio\/recursos\/","title":{"rendered":"RECURSOS"},"content":{"rendered":"<p>[vc_row][vc_column width=&#8221;1\/2&#8243; css=&#8221;.vc_custom_1611955118477{margin-right: 100px !important;}&#8221;][vc_column_text]<img loading=\"lazy\" class=\"size-medium wp-image-1061 alignleft\" src=\"https:\/\/www.iluminasuenos.cl\/sitio\/wp-content\/uploads\/2026\/02\/Captura-de-pantalla-2026-02-26-a-las-10.59.03\u202fp.m.-300x164.png\" alt=\"\" width=\"300\" height=\"164\" srcset=\"https:\/\/www.iluminasuenos.cl\/sitio\/wp-content\/uploads\/2026\/02\/Captura-de-pantalla-2026-02-26-a-las-10.59.03\u202fp.m.-300x164.png 300w, https:\/\/www.iluminasuenos.cl\/sitio\/wp-content\/uploads\/2026\/02\/Captura-de-pantalla-2026-02-26-a-las-10.59.03\u202fp.m.-1024x559.png 1024w, https:\/\/www.iluminasuenos.cl\/sitio\/wp-content\/uploads\/2026\/02\/Captura-de-pantalla-2026-02-26-a-las-10.59.03\u202fp.m.-768x419.png 768w, https:\/\/www.iluminasuenos.cl\/sitio\/wp-content\/uploads\/2026\/02\/Captura-de-pantalla-2026-02-26-a-las-10.59.03\u202fp.m.-1536x838.png 1536w, https:\/\/www.iluminasuenos.cl\/sitio\/wp-content\/uploads\/2026\/02\/Captura-de-pantalla-2026-02-26-a-las-10.59.03\u202fp.m.-2048x1118.png 2048w\" sizes=\"(max-width: 300px) 100vw, 300px\" \/><\/p>\n<p>&nbsp;<\/p>\n<p>&nbsp;<\/p>\n<p>&nbsp;<\/p>\n<p>&nbsp;<\/p>\n<p>&nbsp;<\/p>\n<p>Siete recomendaciones para acompa\u00f1ar una vuela a clases m\u00e1s tranquila.<\/p>\n<p><a href=\"https:\/\/www.iluminasuenos.cl\/sitio\/wp-content\/uploads\/2026\/02\/INFOGRAFIA_7_RECOMENDACIONES_VUELTA_A_CLASES_FIS_2026.pdf\" target=\"_blank\" rel=\"noopener\">Descarga aqu\u00ed<\/a>.<\/p>\n<hr \/>\n<p><a href=\"https:\/\/www.iluminasuenos.cl\/sitio\/wp-content\/uploads\/2021\/04\/Ciberguia-de-Denuncia-al-Abuso-Digital_.pdf\" target=\"_blank\" rel=\"noopener\"><img loading=\"lazy\" class=\"size-medium wp-image-498 alignleft\" src=\"https:\/\/www.iluminasuenos.cl\/sitio\/wp-content\/uploads\/2021\/04\/Denuncia-ciberacoso-300x200.jpg\" alt=\"\" width=\"300\" height=\"200\" srcset=\"https:\/\/www.iluminasuenos.cl\/sitio\/wp-content\/uploads\/2021\/04\/Denuncia-ciberacoso-300x200.jpg 300w, https:\/\/www.iluminasuenos.cl\/sitio\/wp-content\/uploads\/2021\/04\/Denuncia-ciberacoso-768x511.jpg 768w, https:\/\/www.iluminasuenos.cl\/sitio\/wp-content\/uploads\/2021\/04\/Denuncia-ciberacoso.jpg 793w\" sizes=\"(max-width: 300px) 100vw, 300px\" \/><strong>Cibergu\u00eda de Denuncia al Abuso Digital_<\/strong><\/a><strong> &#8211; Ministerio del Interior<\/strong><\/p>\n<p>Al navegar por internet y usar las redes sociales, y junto a sus m\u00faltiples beneficios, tambi\u00e9n nos exponemos a sus consecuencias negativas, una de ellas el poder sufrir del denominado cyberbullying, o acoso digital. Se trata de agresiones y hostigamiento que, tal como sus equivalentes en el plano f\u00edsico, pueden afectar seriamente la vida de sus v\u00edctimas. Es por esto que el Equipo de respuesta ante incidentes de seguridad inform\u00e1tica <a href=\"https:\/\/www.ciberseguridad.gob.cl\/recomendaciones\/ciberguia-acoso-digital\/\" target=\"_blank\" rel=\"noopener\">(CSIRT<\/a>) del Gobierno desarrollo una gu\u00eda para denunciar el abuso digital. <a href=\"https:\/\/www.ciberseguridad.gob.cl\/media\/2021\/03\/Cibergui%CC%81a-Denuncia-el-Abuso-Digital.pdf\" target=\"_blank\" rel=\"noopener\">Descarga aqu\u00ed<\/a><\/p>\n<hr \/>\n<p>&nbsp;<\/p>\n<p><strong><img loading=\"lazy\" class=\"size-medium wp-image-492 alignleft\" src=\"https:\/\/www.iluminasuenos.cl\/sitio\/wp-content\/uploads\/2021\/04\/TikTokImagen-300x225.jpg\" alt=\"\" width=\"300\" height=\"225\" srcset=\"https:\/\/www.iluminasuenos.cl\/sitio\/wp-content\/uploads\/2021\/04\/TikTokImagen-300x225.jpg 300w, https:\/\/www.iluminasuenos.cl\/sitio\/wp-content\/uploads\/2021\/04\/TikTokImagen-768x576.jpg 768w, https:\/\/www.iluminasuenos.cl\/sitio\/wp-content\/uploads\/2021\/04\/TikTokImagen.jpg 909w\" sizes=\"(max-width: 300px) 100vw, 300px\" \/>TikTok Gu\u00eda para padres y madres &#8211; Comunicaciones Ilumina Sue\u00f1os<\/strong><\/p>\n<p>TikTok, es una de las redes sociales m\u00e1s utilizadas por los adolescentes. Con 800 millones de usuarios esta popular red, es una de las plataformas l\u00edderes en la edici\u00f3n y creaci\u00f3n de videos, por medio de los cuales los usuarios pueden relacionarse. Por esto, como padres es fundamental que entendamos c\u00f3mo funciona y as\u00ed ayudar a nuestros hijos a vivir una experiencia segura y positiva.<\/p>\n<p>Es por eso, que los invitamos a leer esta <a href=\"https:\/\/www.iluminasuenos.cl\/sitio\/wp-content\/uploads\/2021\/04\/Guia-TikTok.pdf\" target=\"_blank\" rel=\"noopener\">Gu\u00eda TikTok<\/a> para padres, elaborada por <a href=\"https:\/\/www.pantallasamigas.net\/\" target=\"_blank\" rel=\"noopener\">Pantallas Amigas<\/a>. <strong>\u00a1Invol\u00facrate!<\/strong>[\/vc_column_text][\/vc_column][vc_column width=&#8221;1\/2&#8243;][vc_column_text]<img loading=\"lazy\" class=\"size-medium wp-image-793 alignleft\" src=\"https:\/\/www.iluminasuenos.cl\/sitio\/wp-content\/uploads\/2024\/08\/FIS-Guia-300x221.png\" alt=\"\" width=\"300\" height=\"221\" \/><\/p>\n<p><strong>Gu\u00eda de autocuidado digital para familias<\/strong><\/p>\n<p>Desde Fundaci\u00f3n Ilumina Sue\u00f1os queremos invitar a las familias de escolares para embarcarse en esta aventura al mundo digital en el cual se movilizan cotidiana- mente nuestros ni\u00f1os, ni\u00f1as y adolescentes.<br \/>\nLa presente gu\u00eda le entregar\u00e1 estrategias de acompa\u00f1amiento parental como adulto responsable en el manejo de plataformas digitales y los riesgos que contienen.<\/p>\n<p><a href=\"https:\/\/www.iluminasuenos.cl\/sitio\/wp-content\/uploads\/2024\/08\/FIS_guia-de-autocuidado-digital-para-familias.pdf\" target=\"_blank\" rel=\"noopener\">Descarga aqu\u00ed<\/a><\/p>\n<hr \/>\n<p>[\/vc_column_text][vc_column_text]<strong><img loading=\"lazy\" class=\"alignnone wp-image-719 size-medium\" src=\"https:\/\/www.iluminasuenos.cl\/sitio\/wp-content\/uploads\/2024\/05\/1-e1715017343115-300x164.png\" alt=\"\" width=\"300\" height=\"164\" srcset=\"https:\/\/www.iluminasuenos.cl\/sitio\/wp-content\/uploads\/2024\/05\/1-e1715017343115-300x164.png 300w, https:\/\/www.iluminasuenos.cl\/sitio\/wp-content\/uploads\/2024\/05\/1-e1715017343115-1024x560.png 1024w, https:\/\/www.iluminasuenos.cl\/sitio\/wp-content\/uploads\/2024\/05\/1-e1715017343115-768x420.png 768w, https:\/\/www.iluminasuenos.cl\/sitio\/wp-content\/uploads\/2024\/05\/1-e1715017343115-1536x840.png 1536w, https:\/\/www.iluminasuenos.cl\/sitio\/wp-content\/uploads\/2024\/05\/1-e1715017343115.png 1545w\" sizes=\"(max-width: 300px) 100vw, 300px\" \/> <\/strong><\/p>\n<p><strong>Memoria de la fundaci\u00f3n 2022-2023<\/strong><\/p>\n<p>Aqu\u00ed puedes revisar nuestros proyectos, logros, desaf\u00edos y en todo lo que hemos estado trabajando durante los a\u00f1os 2022 y 2023.<\/p>\n<p><span style=\"color: #ff0000;\"><a style=\"color: #ff0000;\" href=\"https:\/\/www.iluminasuenos.cl\/sitio\/wp-content\/uploads\/2024\/05\/Memoria-Ilunina-Suenos-20222023_.pdf\" target=\"_blank\" rel=\"noopener\">Revisar aqu\u00ed<\/a><\/span><\/p>\n<hr \/>\n<p>[\/vc_column_text][vc_column_text]<strong><img loading=\"lazy\" class=\"alignnone size-medium wp-image-802\" src=\"https:\/\/www.iluminasuenos.cl\/sitio\/wp-content\/uploads\/2024\/08\/Captura-de-pantalla-2024-08-15-a-las-14.47.56-300x252.png\" alt=\"\" width=\"300\" height=\"252\" srcset=\"https:\/\/www.iluminasuenos.cl\/sitio\/wp-content\/uploads\/2024\/08\/Captura-de-pantalla-2024-08-15-a-las-14.47.56-300x252.png 300w, https:\/\/www.iluminasuenos.cl\/sitio\/wp-content\/uploads\/2024\/08\/Captura-de-pantalla-2024-08-15-a-las-14.47.56-1024x862.png 1024w, https:\/\/www.iluminasuenos.cl\/sitio\/wp-content\/uploads\/2024\/08\/Captura-de-pantalla-2024-08-15-a-las-14.47.56-768x646.png 768w, https:\/\/www.iluminasuenos.cl\/sitio\/wp-content\/uploads\/2024\/08\/Captura-de-pantalla-2024-08-15-a-las-14.47.56.png 1362w\" sizes=\"(max-width: 300px) 100vw, 300px\" \/><\/strong><\/p>\n<p><strong>Memoria de la fundaci\u00f3n 2020-2021<\/strong><\/p>\n<p>Aqu\u00ed puedes revisar nuestros proyectos, logros, desaf\u00edos y en todo lo que hemos estado trabajando durante los a\u00f1os 2020 y 2021.<\/p>\n<p><a href=\"https:\/\/www.iluminasuenos.cl\/sitio\/wp-content\/uploads\/2024\/08\/FIS_2020_Memoria.pdf\" target=\"_blank\" rel=\"noopener\">Revisa aqu\u00ed.<\/a><\/p>\n<hr \/>\n<p>[\/vc_column_text][\/vc_column][\/vc_row]<\/p>\n","protected":false},"excerpt":{"rendered":"<p>[vc_row][vc_column width=&#8221;1\/2&#8243; css=&#8221;.vc_custom_1611955118477{margin-right: 100px !important;}&#8221;][vc_column_text] &nbsp; &nbsp; &nbsp; &nbsp; &nbsp; Siete recomendaciones para acompa\u00f1ar una vuela a clases m\u00e1s tranquila. Descarga aqu\u00ed. Cibergu\u00eda de Denuncia al Abuso Digital_ &#8211; Ministerio del Interior Al navegar por internet y usar las redes sociales, y junto a sus m\u00faltiples beneficios, tambi\u00e9n nos exponemos a sus consecuencias negativas, una [&hellip;]<\/p>\n","protected":false},"author":2,"featured_media":0,"parent":0,"menu_order":0,"comment_status":"closed","ping_status":"closed","template":"","meta":[],"_links":{"self":[{"href":"https:\/\/www.iluminasuenos.cl\/sitio\/wp-json\/wp\/v2\/pages\/785"}],"collection":[{"href":"https:\/\/www.iluminasuenos.cl\/sitio\/wp-json\/wp\/v2\/pages"}],"about":[{"href":"https:\/\/www.iluminasuenos.cl\/sitio\/wp-json\/wp\/v2\/types\/page"}],"author":[{"embeddable":true,"href":"https:\/\/www.iluminasuenos.cl\/sitio\/wp-json\/wp\/v2\/users\/2"}],"replies":[{"embeddable":true,"href":"https:\/\/www.iluminasuenos.cl\/sitio\/wp-json\/wp\/v2\/comments?post=785"}],"version-history":[{"count":21,"href":"https:\/\/www.iluminasuenos.cl\/sitio\/wp-json\/wp\/v2\/pages\/785\/revisions"}],"predecessor-version":[{"id":1064,"href":"https:\/\/www.iluminasuenos.cl\/sitio\/wp-json\/wp\/v2\/pages\/785\/revisions\/1064"}],"wp:attachment":[{"href":"https:\/\/www.iluminasuenos.cl\/sitio\/wp-json\/wp\/v2\/media?parent=785"}],"curies":[{"name":"wp","href":"https:\/\/api.w.org\/{rel}","templated":true}]}}