{"id":665,"date":"2023-08-05T12:44:32","date_gmt":"2023-08-05T15:44:32","guid":{"rendered":"https:\/\/www.iluminasuenos.cl\/sitio\/?page_id=665"},"modified":"2023-08-05T12:44:32","modified_gmt":"2023-08-05T15:44:32","slug":"proyecto-ilumina-tu-comunidad","status":"publish","type":"page","link":"https:\/\/www.iluminasuenos.cl\/sitio\/proyecto-ilumina-tu-comunidad\/","title":{"rendered":"Proyecto Ilumina tu comunidad"},"content":{"rendered":"<p>[vc_row][vc_column width=&#8221;1\/2&#8243;][vc_raw_html]JTNDaWZyYW1lJTIwd2lkdGglM0QlMjI1NjAlMjIlMjBoZWlnaHQlM0QlMjI0MzAlMjIlMjBhdXRvcGxheSUzRCUyMmF1dG9wbGF5JTIyJTIwbG9vcCUzRCUyMmxvb3AlMjIlMjBzcmMlM0QlMjJodHRwcyUzQSUyRiUyRnd3dy55b3V0dWJlLmNvbSUyRmVtYmVkJTJGbnNsZnhzOUZuVTglM0Zjb250cm9scyUzRDAlMjIlMjBmcmFtZWJvcmRlciUzRCUyMjAlMjIlMjBhbGxvdyUzRCUyMmFjY2VsZXJvbWV0ZXIlM0IlMjBjbGlwYm9hcmQtd3JpdGUlM0IlMjBlbmNyeXB0ZWQtbWVkaWElM0IlMjBneXJvc2NvcGUlM0IlMjBwaWN0dXJlLWluLXBpY3R1cmUlMjIlMjBhbGxvd2Z1bGxzY3JlZW4lM0UlM0MlMkZpZnJhbWUlM0U=[\/vc_raw_html][\/vc_column][vc_column width=&#8221;1\/2&#8243;][vc_column_text]<\/p>\n<h4 style=\"text-align: center;\">El ambicioso proyecto que sue\u00f1a con \u201ciluminar\u201d la Villa Santa Teresa de La Florida<\/h4>\n<h4 style=\"text-align: justify;\">En plena pandemia de COVID-19, mientras la mayor\u00eda de los ni\u00f1os y ni\u00f1as se enfrentaban al desaf\u00edo de una educaci\u00f3n online, otros quedaban fuera del sistema por falta de recursos. En este contexto un grupo de profesionales se propusieron \u201ciluminar\u201d el proceso educativo de muchas familias.<\/h4>\n<h4 style=\"text-align: justify;\">Siempre se dice que las dificultades tambi\u00e9n pueden ser una oportunidad y la pandemia por COVID-19, lo ha demostrado de diversas formas. Atentos a la complejidad que implica la educaci\u00f3n a distancia, un grupo de profesionales decidi\u00f3 crear la Fundaci\u00f3n Ilumina Sue\u00f1os, una iniciativa que busca acortar la brecha digital en la educaci\u00f3n, y su objetivo fue la Villa Santa Teresa, en la comuna de La Florida.<\/h4>\n<p><a href=\"https:\/\/www.iluminasuenos.cl\/sitio\/wp-content\/uploads\/2021\/09\/El-ambicioso-proyecto-que-suena-con-Iluminar-Villa-Santa-Teresa.pdf\" target=\"_blank\" rel=\"noopener\">Leer m\u00e1s<\/a>[\/vc_column_text][\/vc_column][\/vc_row][vc_row][vc_column width=&#8221;1\/4&#8243;][vc_column_text]<\/p>\n<div class=\"h-global-transition-all h-heading style-224 style-local-6-c32 position-relative h-element\" data-colibri-id=\"6-c32\">\n<div class=\"h-heading__outer style-224 style-local-6-c32\">\n<h1 style=\"text-align: center;\"><span style=\"color: #ff6600;\">Tres Etapas<\/span><\/h1>\n<\/div>\n<\/div>\n<p>[\/vc_column_text][vc_column_text]<\/p>\n<div class=\"h-column h-column-container d-flex h-col-lg-6 h-col-md-6 h-col-6 style-223-outer style-local-6-c31-outer\">\n<div class=\"d-flex h-flex-basis h-column__inner h-px-lg-0 h-px-md-0 h-px-0 v-inner-lg-0 v-inner-md-0 v-inner-0 style-223 style-local-6-c31 position-relative\" data-colibri-id=\"6-c31\">\n<div class=\"w-100 h-y-container h-column__content h-column__v-align flex-basis-100 align-self-lg-start align-self-md-start align-self-start\">\n<div class=\"h-text h-text-component style-225 style-local-6-c33 position-relative h-element\" data-colibri-id=\"6-c33\">\n<div class=\"\">\n<h4 style=\"text-align: justify;\">EL proyecto esta separado en tres etapas equivalentes a los actuales sectores de la villa.<\/h4>\n<\/div>\n<\/div>\n<\/div>\n<\/div>\n<\/div>\n<div class=\"h-column h-column-container d-flex h-col-lg-6 h-col-md-6 h-col-6 style-223-outer style-local-6-c34-outer\">\n<div class=\"d-flex h-flex-basis h-column__inner h-px-lg-0 h-px-md-0 h-px-0 v-inner-lg-0 v-inner-md-0 v-inner-0 style-223 style-local-6-c34 position-relative\" data-colibri-id=\"6-c34\">\n<div class=\"w-100 h-y-container h-column__content h-column__v-align flex-basis-100 align-self-lg-start align-self-md-start align-self-start\">\n<div class=\"h-global-transition-all h-heading style-224 style-local-6-c35 position-relative h-element\" data-colibri-id=\"6-c35\">\n<h4 class=\"h-heading__outer style-224 style-local-6-c35\" style=\"text-align: left;\"><\/h4>\n<\/div>\n<\/div>\n<\/div>\n<\/div>\n<p>[\/vc_column_text][\/vc_column][vc_column width=&#8221;1\/4&#8243;][vc_column_text]<\/p>\n<div class=\"h-global-transition-all h-heading style-224 style-local-6-c32 position-relative h-element\" data-colibri-id=\"6-c32\">\n<div class=\"h-heading__outer style-224 style-local-6-c32\">\n<h1 style=\"text-align: center;\"><span style=\"color: #ff6600;\">Internet<\/span><\/h1>\n<\/div>\n<\/div>\n<p>[\/vc_column_text][vc_column_text]<\/p>\n<div class=\"h-column h-column-container d-flex h-col-lg-6 h-col-md-6 h-col-6 style-223-outer style-local-6-c34-outer\">\n<div class=\"d-flex h-flex-basis h-column__inner h-px-lg-0 h-px-md-0 h-px-0 v-inner-lg-0 v-inner-md-0 v-inner-0 style-223 style-local-6-c34 position-relative\" data-colibri-id=\"6-c34\">\n<div class=\"w-100 h-y-container h-column__content h-column__v-align flex-basis-100 align-self-lg-start align-self-md-start align-self-start\">\n<div class=\"h-text h-text-component style-225 style-local-6-c36 position-relative h-element\" data-colibri-id=\"6-c36\">\n<div class=\"\">\n<h4 style=\"text-align: justify;\">Hoy, un recurso b\u00e1sico, por eso nuestro prop\u00f3sito es emparejar la cancha de los estudiantes con un acceso de calidad.<\/h4>\n<\/div>\n<\/div>\n<\/div>\n<\/div>\n<\/div>\n<div class=\"h-column h-column-container d-flex h-col-lg-6 h-col-md-6 h-col-6 style-223-outer style-local-6-c37-outer\">\n<div class=\"d-flex h-flex-basis h-column__inner h-px-lg-0 h-px-md-0 h-px-0 v-inner-lg-0 v-inner-md-0 v-inner-0 style-223 style-local-6-c37 position-relative\" data-colibri-id=\"6-c37\">\n<div class=\"w-100 h-y-container h-column__content h-column__v-align flex-basis-100 align-self-lg-start align-self-md-start align-self-start\">\n<div class=\"h-global-transition-all h-heading style-224 style-local-6-c38 position-relative h-element\" data-colibri-id=\"6-c38\">\n<h4 class=\"h-heading__outer style-224 style-local-6-c38\" style=\"text-align: left;\"><\/h4>\n<\/div>\n<\/div>\n<\/div>\n<\/div>\n<p>[\/vc_column_text][\/vc_column][vc_column width=&#8221;1\/4&#8243;][vc_column_text]<\/p>\n<div class=\"h-global-transition-all h-heading style-224 style-local-6-c32 position-relative h-element\" data-colibri-id=\"6-c32\">\n<div class=\"h-heading__outer style-224 style-local-6-c32\">\n<h1 style=\"text-align: center;\"><span style=\"color: #ff6600;\">Comunidad<\/span><\/h1>\n<\/div>\n<\/div>\n<p>[\/vc_column_text][vc_column_text]<\/p>\n<div class=\"h-column h-column-container d-flex h-col-lg-6 h-col-md-6 h-col-6 style-223-outer style-local-6-c37-outer\">\n<div class=\"d-flex h-flex-basis h-column__inner h-px-lg-0 h-px-md-0 h-px-0 v-inner-lg-0 v-inner-md-0 v-inner-0 style-223 style-local-6-c37 position-relative\" data-colibri-id=\"6-c37\">\n<div class=\"w-100 h-y-container h-column__content h-column__v-align flex-basis-100 align-self-lg-start align-self-md-start align-self-start\">\n<div class=\"h-text h-text-component style-225 style-local-6-c39 position-relative h-element\" data-colibri-id=\"6-c39\">\n<div class=\"\">\n<h4 style=\"text-align: justify;\">Un acuerdo transversal entre todos los integrantes de la comunidad de Villa Santa Teresa.<\/h4>\n<\/div>\n<\/div>\n<\/div>\n<\/div>\n<\/div>\n<div class=\"h-column h-column-container d-flex h-col-lg-6 h-col-md-6 h-col-6 style-223-outer style-local-6-c40-outer\">\n<div class=\"d-flex h-flex-basis h-column__inner h-px-lg-0 h-px-md-0 h-px-0 v-inner-lg-0 v-inner-md-0 v-inner-0 style-223 style-local-6-c40 position-relative\" data-colibri-id=\"6-c40\">\n<div class=\"w-100 h-y-container h-column__content h-column__v-align flex-basis-100 align-self-lg-start align-self-md-start align-self-start\">\n<div class=\"h-global-transition-all h-heading style-224 style-local-6-c41 position-relative h-element\" data-colibri-id=\"6-c41\">\n<h4 class=\"h-heading__outer style-224 style-local-6-c41\" style=\"text-align: left;\"><\/h4>\n<\/div>\n<\/div>\n<\/div>\n<\/div>\n<p>[\/vc_column_text][\/vc_column][vc_column width=&#8221;1\/4&#8243;][vc_column_text]<\/p>\n<div class=\"h-global-transition-all h-heading style-224 style-local-6-c32 position-relative h-element\" data-colibri-id=\"6-c32\">\n<div class=\"h-heading__outer style-224 style-local-6-c32\">\n<h1 style=\"text-align: center;\"><span style=\"color: #ff6600;\">Integraci\u00f3n<\/span><\/h1>\n<\/div>\n<\/div>\n<p>[\/vc_column_text][vc_column_text]<\/p>\n<div class=\"h-column h-column-container d-flex h-col-lg-auto h-col-md-auto h-col-auto style-217-outer style-local-6-c25-outer\">\n<div class=\"d-flex h-flex-basis h-column__inner h-px-lg-0 h-px-md-0 h-px-0 v-inner-lg-0 v-inner-md-0 v-inner-0 style-217 style-local-6-c25 position-relative\" data-colibri-id=\"6-c25\">\n<div class=\"w-100 h-y-container h-column__content h-column__v-align flex-basis-100 align-self-lg-start align-self-md-start align-self-start\">\n<div class=\"h-row-container gutters-row-lg-2 gutters-row-md-2 gutters-row-0 gutters-row-v-lg-2 gutters-row-v-md-2 gutters-row-v-0 style-222 style-local-6-c30 position-relative\" data-colibri-id=\"6-c30\">\n<div class=\"h-row justify-content-lg-center justify-content-md-center justify-content-center align-items-lg-stretch align-items-md-stretch align-items-stretch gutters-col-lg-2 gutters-col-md-2 gutters-col-0 gutters-col-v-lg-2 gutters-col-v-md-2 gutters-col-v-0\">\n<div class=\"h-column h-column-container d-flex h-col-lg-6 h-col-md-6 h-col-6 style-223-outer style-local-6-c40-outer\">\n<div class=\"d-flex h-flex-basis h-column__inner h-px-lg-0 h-px-md-0 h-px-0 v-inner-lg-0 v-inner-md-0 v-inner-0 style-223 style-local-6-c40 position-relative\" data-colibri-id=\"6-c40\">\n<div class=\"w-100 h-y-container h-column__content h-column__v-align flex-basis-100 align-self-lg-start align-self-md-start align-self-start\">\n<div class=\"h-text h-text-component style-225 style-local-6-c42 position-relative h-element\" data-colibri-id=\"6-c42\">\n<div class=\"\">\n<h4 style=\"text-align: justify;\">En acuerdo con el colegio Semper Altius se integrara a sus alumnos de Tecnolog\u00eda en Telecomunicaciones.<\/h4>\n<\/div>\n<\/div>\n<\/div>\n<\/div>\n<\/div>\n<\/div>\n<\/div>\n<\/div>\n<\/div>\n<\/div>\n<div class=\"h-column h-column-container d-flex h-col-lg-auto h-col-md-auto h-col-auto style-226-outer style-local-6-c43-outer\">\n<h4 class=\"d-flex h-flex-basis h-column__inner h-ui-empty-state-container h-px-lg-0 h-px-md-0 h-px-0 v-inner-lg-0 v-inner-md-0 v-inner-0 style-226 style-local-6-c43 position-relative\" style=\"text-align: left;\" data-colibri-id=\"6-c43\"><\/h4>\n<\/div>\n<p>[\/vc_column_text][\/vc_column][\/vc_row][vc_row css=&#8221;.vc_custom_1608146489678{margin-top: 4% !important;margin-bottom: 4% !important;}&#8221;][vc_column][vc_zigzag color=&#8221;orange&#8221;][\/vc_column][\/vc_row][vc_row][vc_column width=&#8221;1\/3&#8243;][vc_column_text]<\/p>\n<div class=\"h-global-transition-all h-heading style-224 style-local-6-c32 position-relative h-element\" data-colibri-id=\"6-c32\">\n<div class=\"h-heading__outer style-224 style-local-6-c32\">\n<h1 style=\"text-align: center;\"><span style=\"color: #3366ff;\">Diagn\u00f3stico<\/span><\/h1>\n<\/div>\n<\/div>\n<p>[\/vc_column_text][vc_column_text]<\/p>\n<div class=\"h-column h-column-container d-flex h-col-lg-6 h-col-md-6 h-col-6 style-223-outer style-local-6-c31-outer\">\n<div class=\"d-flex h-flex-basis h-column__inner h-px-lg-0 h-px-md-0 h-px-0 v-inner-lg-0 v-inner-md-0 v-inner-0 style-223 style-local-6-c31 position-relative\" data-colibri-id=\"6-c31\">\n<div class=\"w-100 h-y-container h-column__content h-column__v-align flex-basis-100 align-self-lg-start align-self-md-start align-self-start\">\n<div class=\"h-text h-text-component style-225 style-local-6-c33 position-relative h-element\" data-colibri-id=\"6-c33\">\n<div class=\"\">\n<ul>\n<li>\n<h5>+700 NNA en edad escolar<\/h5>\n<\/li>\n<li>\n<h5>+400 Viviendas donde\u00a0 habitan estudiantes<\/h5>\n<\/li>\n<li>\n<h5>50% Son estudiantes del Colegio Semper Altius<\/h5>\n<\/li>\n<li>\n<h5>16% De viviendas con plan de internet ( Banda Ancha)<\/h5>\n<\/li>\n<li>\n<h5>NNA con poca esperanza de salir de la pobreza<\/h5>\n<\/li>\n<li>\n<h5>NNA que se sienten marginados<\/h5>\n<\/li>\n<\/ul>\n<\/div>\n<\/div>\n<\/div>\n<\/div>\n<\/div>\n<p>[\/vc_column_text][\/vc_column][vc_column width=&#8221;1\/3&#8243;][vc_column_text]<\/p>\n<div class=\"h-global-transition-all h-heading style-224 style-local-6-c32 position-relative h-element\" data-colibri-id=\"6-c32\">\n<div class=\"h-heading__outer style-224 style-local-6-c32\">\n<h1 style=\"text-align: center;\"><span style=\"color: #ff6600;\"><span style=\"color: #3366ff;\">Plan de Acci\u00f3n<\/span><br \/>\n<\/span><\/h1>\n<\/div>\n<\/div>\n<p>[\/vc_column_text][vc_column_text]<\/p>\n<ul>\n<li>\n<h5>Promover el acceso a Internet WiFi<\/h5>\n<\/li>\n<li>\n<h5>Instalaci\u00f3n de Atenas compartidas<\/h5>\n<\/li>\n<li>\n<h5>Gesti\u00f3n del tr\u00e1fico, priorizando contenidos educativos<\/h5>\n<\/li>\n<li>\n<h5>Habilitaci\u00f3n de planes de 10Mb\/s por hogar<\/h5>\n<\/li>\n<li>\n<h5>Capacitaciones para el uso responsable de Internet<\/h5>\n<\/li>\n<li>\n<h5>Integraci\u00f3n de los colegios del sector<\/h5>\n<\/li>\n<li>\n<h5>Entrega de dispositivos para conectar a Internet<\/h5>\n<\/li>\n<li>\n<h5>Gesti\u00f3n de campa\u00f1as de donaci\u00f3n de equipos.<\/h5>\n<\/li>\n<\/ul>\n<p>[\/vc_column_text][\/vc_column][vc_column width=&#8221;1\/3&#8243;][vc_column_text]<\/p>\n<div class=\"h-global-transition-all h-heading style-224 style-local-6-c32 position-relative h-element\" data-colibri-id=\"6-c32\">\n<div class=\"h-heading__outer style-224 style-local-6-c32\">\n<h1 style=\"text-align: center;\"><span style=\"color: #3366ff;\">Impacto<\/span><\/h1>\n<\/div>\n<\/div>\n<p>[\/vc_column_text][vc_column_text]<\/p>\n<ul>\n<li>\n<h5>Disminuir la brecha digital en m\u00e1s de 700 NNA que, especialmente por motivo de la pandemia, ven perjudicada su forma de estudiar.<\/h5>\n<\/li>\n<li>\n<h5>Impulsar la modalidad de estudios online, mejorar la autoestima, perseverancia y los valores que se han visto afectados por motivos de la falta de interacci\u00f3n con sus compa\u00f1eros.<\/h5>\n<\/li>\n<li>\n<h5>Proveer conectividad en un sector vulnerable con baja penetraci\u00f3n y cobertura de Banda Ancha.<\/h5>\n<\/li>\n<\/ul>\n<p>[\/vc_column_text][\/vc_column][\/vc_row][vc_row css=&#8221;.vc_custom_1608146489678{margin-top: 4% !important;margin-bottom: 4% !important;}&#8221;][vc_column][vc_zigzag color=&#8221;orange&#8221;][\/vc_column][\/vc_row][vc_row][vc_column width=&#8221;1\/2&#8243;][vc_column_text]<\/p>\n<div class=\"h-global-transition-all h-heading style-224 style-local-6-c32 position-relative h-element\" data-colibri-id=\"6-c32\">\n<div class=\"h-heading__outer style-224 style-local-6-c32\">\n<h1 style=\"text-align: center;\"><span style=\"color: #ff9900;\">Datos<br \/>\nRecopilados<\/span><\/h1>\n<\/div>\n<\/div>\n<p>[\/vc_column_text][vc_single_image image=&#8221;279&#8243; img_size=&#8221;full&#8221; alignment=&#8221;center&#8221;][vc_column_text]<\/p>\n<div class=\"h-column h-column-container d-flex h-col-lg-6 h-col-md-6 h-col-6 style-223-outer style-local-6-c31-outer\">\n<div class=\"d-flex h-flex-basis h-column__inner h-px-lg-0 h-px-md-0 h-px-0 v-inner-lg-0 v-inner-md-0 v-inner-0 style-223 style-local-6-c31 position-relative\" data-colibri-id=\"6-c31\">\n<div class=\"w-100 h-y-container h-column__content h-column__v-align flex-basis-100 align-self-lg-start align-self-md-start align-self-start\">\n<div class=\"h-text h-text-component style-225 style-local-6-c33 position-relative h-element\" data-colibri-id=\"6-c33\">\n<div class=\"\">\n<ul>\n<li>\n<h4>No tienen acceso a internet: 16%<\/h4>\n<\/li>\n<li>\n<h4>Banda Ancha: 18%<\/h4>\n<\/li>\n<li>\n<h4>Datos m\u00f3viles: 66%<\/h4>\n<\/li>\n<\/ul>\n<\/div>\n<\/div>\n<\/div>\n<\/div>\n<\/div>\n<p>[\/vc_column_text][\/vc_column][vc_column width=&#8221;1\/2&#8243;][vc_column_text]<\/p>\n<div class=\"h-global-transition-all h-heading style-224 style-local-6-c32 position-relative h-element\" data-colibri-id=\"6-c32\">\n<div class=\"h-heading__outer style-224 style-local-6-c32\">\n<h1 style=\"text-align: center;\"><span style=\"color: #ff9900;\">Hijos en edad escolar:<br \/>\n631 NNA<\/span><\/h1>\n<\/div>\n<\/div>\n<p>[\/vc_column_text][vc_single_image image=&#8221;280&#8243; img_size=&#8221;full&#8221; alignment=&#8221;center&#8221;][vc_column_text]<\/p>\n<div class=\"h-column h-column-container d-flex h-col-lg-6 h-col-md-6 h-col-6 style-223-outer style-local-6-c31-outer\">\n<div class=\"d-flex h-flex-basis h-column__inner h-px-lg-0 h-px-md-0 h-px-0 v-inner-lg-0 v-inner-md-0 v-inner-0 style-223 style-local-6-c31 position-relative\" data-colibri-id=\"6-c31\">\n<div class=\"w-100 h-y-container h-column__content h-column__v-align flex-basis-100 align-self-lg-start align-self-md-start align-self-start\">\n<div class=\"h-text h-text-component style-225 style-local-6-c33 position-relative h-element\" data-colibri-id=\"6-c33\">\n<div class=\"\">\n<ul>\n<li>\n<h4>Uso de tablet: 5%<\/h4>\n<\/li>\n<li>\n<h4>No tiene dispositivo: 12%<\/h4>\n<\/li>\n<li>\n<h4>Computador: 23%<\/h4>\n<\/li>\n<li>\n<h4>Celular: 60%<\/h4>\n<\/li>\n<\/ul>\n<\/div>\n<\/div>\n<\/div>\n<\/div>\n<\/div>\n<p>[\/vc_column_text][\/vc_column][\/vc_row][vc_row css=&#8221;.vc_custom_1608146489678{margin-top: 4% !important;margin-bottom: 4% !important;}&#8221;][vc_column][vc_zigzag color=&#8221;orange&#8221;][\/vc_column][\/vc_row]<\/p>\n","protected":false},"excerpt":{"rendered":"<p>[vc_row][vc_column width=&#8221;1\/2&#8243;][vc_raw_html]JTNDaWZyYW1lJTIwd2lkdGglM0QlMjI1NjAlMjIlMjBoZWlnaHQlM0QlMjI0MzAlMjIlMjBhdXRvcGxheSUzRCUyMmF1dG9wbGF5JTIyJTIwbG9vcCUzRCUyMmxvb3AlMjIlMjBzcmMlM0QlMjJodHRwcyUzQSUyRiUyRnd3dy55b3V0dWJlLmNvbSUyRmVtYmVkJTJGbnNsZnhzOUZuVTglM0Zjb250cm9scyUzRDAlMjIlMjBmcmFtZWJvcmRlciUzRCUyMjAlMjIlMjBhbGxvdyUzRCUyMmFjY2VsZXJvbWV0ZXIlM0IlMjBjbGlwYm9hcmQtd3JpdGUlM0IlMjBlbmNyeXB0ZWQtbWVkaWElM0IlMjBneXJvc2NvcGUlM0IlMjBwaWN0dXJlLWluLXBpY3R1cmUlMjIlMjBhbGxvd2Z1bGxzY3JlZW4lM0UlM0MlMkZpZnJhbWUlM0U=[\/vc_raw_html][\/vc_column][vc_column width=&#8221;1\/2&#8243;][vc_column_text] El ambicioso proyecto que sue\u00f1a con \u201ciluminar\u201d la Villa Santa Teresa de La Florida En plena pandemia de COVID-19, mientras la mayor\u00eda de los ni\u00f1os y ni\u00f1as se enfrentaban al desaf\u00edo de una educaci\u00f3n online, otros quedaban fuera del sistema por falta de recursos. En este contexto un grupo de profesionales se [&hellip;]<\/p>\n","protected":false},"author":2,"featured_media":0,"parent":0,"menu_order":0,"comment_status":"closed","ping_status":"open","template":"","meta":[],"_links":{"self":[{"href":"https:\/\/www.iluminasuenos.cl\/sitio\/wp-json\/wp\/v2\/pages\/665"}],"collection":[{"href":"https:\/\/www.iluminasuenos.cl\/sitio\/wp-json\/wp\/v2\/pages"}],"about":[{"href":"https:\/\/www.iluminasuenos.cl\/sitio\/wp-json\/wp\/v2\/types\/page"}],"author":[{"embeddable":true,"href":"https:\/\/www.iluminasuenos.cl\/sitio\/wp-json\/wp\/v2\/users\/2"}],"replies":[{"embeddable":true,"href":"https:\/\/www.iluminasuenos.cl\/sitio\/wp-json\/wp\/v2\/comments?post=665"}],"version-history":[{"count":1,"href":"https:\/\/www.iluminasuenos.cl\/sitio\/wp-json\/wp\/v2\/pages\/665\/revisions"}],"predecessor-version":[{"id":666,"href":"https:\/\/www.iluminasuenos.cl\/sitio\/wp-json\/wp\/v2\/pages\/665\/revisions\/666"}],"wp:attachment":[{"href":"https:\/\/www.iluminasuenos.cl\/sitio\/wp-json\/wp\/v2\/media?parent=665"}],"curies":[{"name":"wp","href":"https:\/\/api.w.org\/{rel}","templated":true}]}}