{"id":367,"date":"2021-06-10T01:25:13","date_gmt":"2021-06-10T04:25:13","guid":{"rendered":"https:\/\/www.iluminasuenos.cl\/sitio\/?page_id=367"},"modified":"2023-08-05T12:04:29","modified_gmt":"2023-08-05T15:04:29","slug":"donaciones","status":"publish","type":"page","link":"https:\/\/www.iluminasuenos.cl\/sitio\/donaciones\/","title":{"rendered":"Donaciones"},"content":{"rendered":"<p>[vc_row][vc_column width=&#8221;1\/2&#8243;][vc_column_text]<\/p>\n<h1 class=\"entry-title-pro\" style=\"text-align: left;\"><span style=\"color: #0b76bf;\">\u00bfQuieres ser gestor de cambio en la desigualdad educacional en chile?<\/span><\/h1>\n<p>[\/vc_column_text][vc_column_text]Necesitamos tu aporte para poder continuar iluminando el sue\u00f1o de disminuir la brecha digital en los sectores m\u00e1s vulnerables de nuestro pa\u00eds.<\/p>\n<p>Puedes realizarlo en nuestro link ingresando el monto que quieras y pagando con cualquier tarjeta bancaria.<\/p>\n<p>Ingresa aqu\u00ed:<\/p>\n<p><span style=\"color: #33cccc;\"><a style=\"color: #33cccc;\" href=\"https:\/\/iluminasuenos.donando.cl\/?once=true\" target=\"_blank\" rel=\"noopener\"><span style=\"color: #1674ba;\">https:\/\/iluminasuenos.donando.cl\/<\/span><\/a><\/span>[\/vc_column_text][vc_zigzag color=&#8221;custom&#8221; custom_color=&#8221;#7944a0&#8243;][vc_column_text]<\/p>\n<h1 class=\"entry-title-pro\" style=\"text-align: left;\"><span style=\"color: #0b76bf;\">Para trasferencias bancarias:<\/span><\/h1>\n<p>[\/vc_column_text][vc_column_text]Puedes realizar transferencia bancaria directo a nuestra cuenta bancaria:<\/p>\n<p>Rut: 53.334.753-3<\/p>\n<p>Banco: Santander<\/p>\n<p>Cta. Corriente: 81791600<\/p>\n<p>Correo: donaciones@iluminasuenos.cl[\/vc_column_text][\/vc_column][vc_column width=&#8221;1\/2&#8243;][vc_single_image image=&#8221;660&#8243; img_size=&#8221;full&#8221; onclick=&#8221;custom_link&#8221; img_link_target=&#8221;_blank&#8221; link=&#8221;https:\/\/iluminasuenos.donando.cl\/?once=true&#8221;][\/vc_column][\/vc_row]<\/p>\n","protected":false},"excerpt":{"rendered":"<p>[vc_row][vc_column width=&#8221;1\/2&#8243;][vc_column_text] \u00bfQuieres ser gestor de cambio en la desigualdad educacional en chile? [\/vc_column_text][vc_column_text]Necesitamos tu aporte para poder continuar iluminando el sue\u00f1o de disminuir la brecha digital en los sectores m\u00e1s vulnerables de nuestro pa\u00eds. Puedes realizarlo en nuestro link ingresando el monto que quieras y pagando con cualquier tarjeta bancaria. Ingresa aqu\u00ed: https:\/\/iluminasuenos.donando.cl\/[\/vc_column_text][vc_zigzag color=&#8221;custom&#8221; [&hellip;]<\/p>\n","protected":false},"author":1,"featured_media":0,"parent":0,"menu_order":0,"comment_status":"closed","ping_status":"open","template":"","meta":[],"_links":{"self":[{"href":"https:\/\/www.iluminasuenos.cl\/sitio\/wp-json\/wp\/v2\/pages\/367"}],"collection":[{"href":"https:\/\/www.iluminasuenos.cl\/sitio\/wp-json\/wp\/v2\/pages"}],"about":[{"href":"https:\/\/www.iluminasuenos.cl\/sitio\/wp-json\/wp\/v2\/types\/page"}],"author":[{"embeddable":true,"href":"https:\/\/www.iluminasuenos.cl\/sitio\/wp-json\/wp\/v2\/users\/1"}],"replies":[{"embeddable":true,"href":"https:\/\/www.iluminasuenos.cl\/sitio\/wp-json\/wp\/v2\/comments?post=367"}],"version-history":[{"count":18,"href":"https:\/\/www.iluminasuenos.cl\/sitio\/wp-json\/wp\/v2\/pages\/367\/revisions"}],"predecessor-version":[{"id":662,"href":"https:\/\/www.iluminasuenos.cl\/sitio\/wp-json\/wp\/v2\/pages\/367\/revisions\/662"}],"wp:attachment":[{"href":"https:\/\/www.iluminasuenos.cl\/sitio\/wp-json\/wp\/v2\/media?parent=367"}],"curies":[{"name":"wp","href":"https:\/\/api.w.org\/{rel}","templated":true}]}}