{"id":10,"date":"2020-12-07T15:44:22","date_gmt":"2020-12-07T18:44:22","guid":{"rendered":"https:\/\/www.iluminasuenos.cl\/sitio\/?page_id=10"},"modified":"2024-04-29T17:12:36","modified_gmt":"2024-04-29T20:12:36","slug":"unete-a-nosotros","status":"publish","type":"page","link":"https:\/\/www.iluminasuenos.cl\/sitio\/unete-a-nosotros\/","title":{"rendered":"\u00daNETE A NOSOTROS"},"content":{"rendered":"<p>[vc_row css=&#8221;.vc_custom_1608053933043{margin-right: 8% !important;margin-left: 8% !important;}&#8221;][vc_column][vc_column_text]<\/p>\n<h3 style=\"text-align: center;\"><em>&#8220;Bienvenido eres a nuestro equipo con un esp\u00edritu positivo y solidario. \u00danete a nuestra fundaci\u00f3n y trabajemos juntos por los ni\u00f1os de Chile. Disminuyamos la brecha y alfabeticemos digitalmente a todos los que lo necesitan.&#8221;<\/em><\/h3>\n<p>[\/vc_column_text][\/vc_column][\/vc_row][vc_row disable_element=&#8221;yes&#8221; css=&#8221;.vc_custom_1610772118978{margin-top: 5% !important;margin-bottom: 5% !important;}&#8221;][vc_column][vc_zigzag color=&#8221;sandy_brown&#8221;][\/vc_column][\/vc_row][vc_row disable_element=&#8221;yes&#8221;][vc_column][vc_column_text]<\/p>\n<h1 style=\"text-align: center;\"><span style=\"color: #ff6600; font-size: 2em;\">PROP\u00d3SITOS<\/span><\/h1>\n<p>[\/vc_column_text][\/vc_column][\/vc_row][vc_row disable_element=&#8221;yes&#8221;][vc_column width=&#8221;1\/2&#8243;][vc_raw_html]JTNDdmlkZW8lMjBpZCUzRCUyMm9jU2NyZWVuY2FwVmlkZW8lMjIlMjBhdXRvcGxheSUzRCUyMmF1dG9wbGF5JTIyJTIwbXV0ZWQlM0QlMjJtdXRlZCUyMiUyMGxvb3AlM0QlMjJsb29wJTIyJTIwcGxheXNpbmxpbmUlM0QlMjJwbGF5c2lubGluZSUyMiUyMHByZWxvYWQlM0QlMjJtZXRhZGF0YSUyMiUyMGRhdGEtYW9zJTNEJTIyZmFkZS11cCUyMiUyMHN0eWxlJTNEJTIyd2lkdGglM0ExMDAlMjUlM0IlMjBoZWlnaHQlM0FhdXRvJTNCJTIyJTNFJTIwJTNDc291cmNlJTIwc3JjJTNEJTIyaHR0cHMlM0ElMkYlMkZ3d3cuaWx1bWluYXN1ZW5vcy5jbCUyRnNpdGlvJTJGd3AtY29udGVudCUyRnVwbG9hZHMlMkYyMDIwJTJGMTIlMkZ1MS5tcDQlMjIlMjB0eXBlJTNEJTIydmlkZW8lMkZtcDQlMjIlM0U=[\/vc_raw_html][\/vc_column][vc_column width=&#8221;1\/2&#8243;][vc_column_text]<\/p>\n<h4 style=\"text-align: left;\">Realizar proyectos que sean sustentables en el tiempo y que permitan brindar conectividad a Internet en barrios vulnerables, especialmente en condominios o villas de departamentos, con el objetivo de disminuir la brecha educacional.<br \/>\nA trav\u00e9s de estrategias de sostenibilidad e integraci\u00f3n, trabajaremos por disminuir la inequidad, la segregaci\u00f3n y discriminaci\u00f3n, por medio de un abordaje integral de la comunidad educativa.<\/h4>\n<p><span style=\"color: #ff6600; font-size: 1.2em;\">MISION<\/span><\/p>\n<h4>Promover la igualdad de oportunidades para las ni\u00f1as, ni\u00f1os y adolescentes m\u00e1s vulnerables del pa\u00eds, a trav\u00e9s del acceso y uso sostenible de la tecnolog\u00eda.<\/h4>\n<p><span style=\"color: #ff6600; font-size: 1.2em;\">VISION<\/span><\/p>\n<h4>Erradicar la brecha digital de las y los estudiantes del pa\u00eds; para construir una sociedad mas equitativa e inclusiva.<\/h4>\n<p>[\/vc_column_text][\/vc_column][\/vc_row][vc_row disable_element=&#8221;yes&#8221; css=&#8221;.vc_custom_1610725360630{margin-top: 5% !important;margin-bottom: 5% !important;}&#8221;][vc_column][vc_zigzag][\/vc_column][\/vc_row][vc_row disable_element=&#8221;yes&#8221;][vc_column][vc_column_text]<\/p>\n<h1 style=\"text-align: center;\"><span style=\"color: #339966; font-size: 2em;\">L\u00cdNEAS DE ACCI\u00d3N<\/span><\/h1>\n<p>[\/vc_column_text][\/vc_column][\/vc_row][vc_row disable_element=&#8221;yes&#8221;][vc_column width=&#8221;1\/2&#8243;][vc_raw_html]JTNDdmlkZW8lMjBpZCUzRCUyMm9jU2NyZWVuY2FwVmlkZW8lMjIlMjBhdXRvcGxheSUzRCUyMmF1dG9wbGF5JTIyJTIwbXV0ZWQlM0QlMjJtdXRlZCUyMiUyMGxvb3AlM0QlMjJsb29wJTIyJTIwcGxheXNpbmxpbmUlM0QlMjJwbGF5c2lubGluZSUyMiUyMHByZWxvYWQlM0QlMjJtZXRhZGF0YSUyMiUyMGRhdGEtYW9zJTNEJTIyZmFkZS11cCUyMiUyMHN0eWxlJTNEJTIyd2lkdGglM0ExMDAlMjUlM0IlMjBoZWlnaHQlM0FhdXRvJTNCJTIyJTNFJTIwJTNDc291cmNlJTIwc3JjJTNEJTIyaHR0cHMlM0ElMkYlMkZ3d3cuaWx1bWluYXN1ZW5vcy5jbCUyRnNpdGlvJTJGd3AtY29udGVudCUyRnVwbG9hZHMlMkYyMDIwJTJGMTIlMkZ1Mi5tcDQlMjIlMjB0eXBlJTNEJTIydmlkZW8lMkZtcDQlMjIlM0U=[\/vc_raw_html][\/vc_column][vc_column width=&#8221;1\/2&#8243;][vc_column_text]<\/p>\n<h4>Para el logro de nuestro prop\u00f3sito la fundaci\u00f3n desarrollar\u00e1 acciones en las siguientes l\u00edneas de acci\u00f3n:<\/h4>\n<ul>\n<li>\n<h4>Promover acciones que apunten a disminuir la brecha digital a la que se ven enfrentados ni\u00f1as, ni\u00f1os y adolescentes de nuestro pa\u00eds, para que las diferencias sociales, los niveles de riesgo y las condiciones de infraestructura no determinen el futuro de los estudiantes.<\/h4>\n<\/li>\n<li>\n<h4>Establecer redes y alianzas con distintos establecimientos educacionales municipales, particulares subvencionados y particulares del pa\u00eds, con el fin de promover la corresponsabilidad social e interrumpir la cadena de pobreza.<\/h4>\n<\/li>\n<li>\n<h4>Generar instancias de asesor\u00eda, logrando dise\u00f1ar soluciones innovadoras en materia de educaci\u00f3n para las familias, los cuidadores y educadores con el fin de favorecer el aprendizaje de ni\u00f1as, ni\u00f1os y adolescentes.<\/h4>\n<\/li>\n<li>\n<h4>Garantizar el derecho de los ni\u00f1os, ni\u00f1as y adolescentes a vivir en un ambiente seguro, limpio, en armon\u00eda con el medioambiente y sustentable.<\/h4>\n<\/li>\n<li>\n<h4>Relevar la importancia de las familias, en su rol protector, como primeros cuidadores y responsables de ni\u00f1os, ni\u00f1as y adolescentes, a trav\u00e9s de acciones que fortalezcan su rol a trav\u00e9s de instancias de capacitaci\u00f3n y acompa\u00f1amiento.<\/h4>\n<\/li>\n<li>\n<h4>Fomentar el di\u00e1logo p\u00fablico &#8211; privado para el desarrollo de pol\u00edticas p\u00fablicas en temas relacionados con educaci\u00f3n, desigualdad, discriminaci\u00f3n y pobreza.<\/h4>\n<\/li>\n<\/ul>\n<h4><\/h4>\n<ul>\n<li>\n<h4>Desarrollar acciones tendientes a promover la inclusi\u00f3n de ni\u00f1as, ni\u00f1os y adolescentes, que puedan ser discriminados por su g\u00e9nero, origen o discapacidad.<\/h4>\n<\/li>\n<li>\n<h4>Establecer alianzas con empresas p\u00fablicas y privadas, actuando como mediadores para conectarlos con las necesidades de la comunidad y de los sectores m\u00e1s segregados de la sociedad, con el fin de disminuir la brecha educacional.<\/h4>\n<\/li>\n<\/ul>\n<p>[\/vc_column_text][\/vc_column][\/vc_row][vc_row css=&#8221;.vc_custom_1610723524359{margin-top: 5% !important;margin-bottom: 5% !important;}&#8221;][vc_column][vc_zigzag color=&#8221;peacoc&#8221;][\/vc_column][\/vc_row][vc_row][vc_column][vc_column_text]<\/p>\n<h1 style=\"text-align: center;\"><span style=\"color: #666699; font-size: 2em;\">AN\u00cdMATE Y CONT\u00c1CTANOS<\/span><\/h1>\n<p>[\/vc_column_text][\/vc_column][\/vc_row][vc_row gap=&#8221;35&#8243;][vc_column width=&#8221;1\/2&#8243;][vc_raw_html]JTNDdmlkZW8lMjBpZCUzRCUyMm9jU2NyZWVuY2FwVmlkZW8lMjIlMjBhdXRvcGxheSUzRCUyMmF1dG9wbGF5JTIyJTIwbXV0ZWQlM0QlMjJtdXRlZCUyMiUyMGxvb3AlM0QlMjJsb29wJTIyJTIwcGxheXNpbmxpbmUlM0QlMjJwbGF5c2lubGluZSUyMiUyMHByZWxvYWQlM0QlMjJtZXRhZGF0YSUyMiUyMGRhdGEtYW9zJTNEJTIyZmFkZS11cCUyMiUyMHN0eWxlJTNEJTIyd2lkdGglM0ExMDAlMjUlM0IlMjBoZWlnaHQlM0FhdXRvJTNCJTIyJTNFJTIwJTNDc291cmNlJTIwc3JjJTNEJTIyaHR0cHMlM0ElMkYlMkZ3d3cuaWx1bWluYXN1ZW5vcy5jbCUyRnNpdGlvJTJGd3AtY29udGVudCUyRnVwbG9hZHMlMkYyMDIwJTJGMTIlMkZ1My5tcDQlMjIlMjB0eXBlJTNEJTIydmlkZW8lMkZtcDQlMjIlM0U=[\/vc_raw_html][\/vc_column][vc_column width=&#8221;1\/2&#8243;]<div role=\"form\" class=\"wpcf7\" id=\"wpcf7-f135-o1\" lang=\"es-CL\" dir=\"ltr\">\n<div class=\"screen-reader-response\"><p role=\"status\" aria-live=\"polite\" aria-atomic=\"true\"><\/p> <ul><\/ul><\/div>\n<form action=\"\/sitio\/wp-json\/wp\/v2\/pages\/10#wpcf7-f135-o1\" method=\"post\" class=\"wpcf7-form init\" novalidate=\"novalidate\" data-status=\"init\">\n<div style=\"display: none;\">\n<input type=\"hidden\" name=\"_wpcf7\" value=\"135\" \/>\n<input type=\"hidden\" name=\"_wpcf7_version\" value=\"5.3.1\" \/>\n<input type=\"hidden\" name=\"_wpcf7_locale\" value=\"es_CL\" \/>\n<input type=\"hidden\" name=\"_wpcf7_unit_tag\" value=\"wpcf7-f135-o1\" \/>\n<input type=\"hidden\" name=\"_wpcf7_container_post\" value=\"0\" \/>\n<input type=\"hidden\" name=\"_wpcf7_posted_data_hash\" value=\"\" \/>\n<\/div>\n<p><label> Nombre<br \/>\n    <span class=\"wpcf7-form-control-wrap your-name\"><input type=\"text\" name=\"your-name\" value=\"\" size=\"40\" class=\"wpcf7-form-control wpcf7-text wpcf7-validates-as-required\" aria-required=\"true\" aria-invalid=\"false\" \/><\/span> <\/label><\/p>\n<p><label> Email<br \/>\n    <span class=\"wpcf7-form-control-wrap your-email\"><input type=\"email\" name=\"your-email\" value=\"\" size=\"40\" class=\"wpcf7-form-control wpcf7-text wpcf7-email wpcf7-validates-as-required wpcf7-validates-as-email\" aria-required=\"true\" aria-invalid=\"false\" \/><\/span> <\/label><\/p>\n<p><label> Motivaci\u00f3n (optional)<br \/>\n    <span class=\"wpcf7-form-control-wrap your-message\"><textarea name=\"your-message\" cols=\"40\" rows=\"10\" class=\"wpcf7-form-control wpcf7-textarea\" aria-invalid=\"false\"><\/textarea><\/span> <\/label><\/p>\n<p><input type=\"submit\" value=\"UNIRME\" class=\"wpcf7-form-control wpcf7-submit\" \/><\/p>\n<div class=\"wpcf7-response-output\" aria-hidden=\"true\"><\/div><\/form><\/div>[\/vc_column][\/vc_row][vc_row css=&#8221;.vc_custom_1607966415860{margin-top: 5% !important;margin-bottom: 5% !important;}&#8221;][vc_column][vc_zigzag][\/vc_column][\/vc_row]<\/p>\n","protected":false},"excerpt":{"rendered":"<p>[vc_row css=&#8221;.vc_custom_1608053933043{margin-right: 8% !important;margin-left: 8% !important;}&#8221;][vc_column][vc_column_text] &#8220;Bienvenido eres a nuestro equipo con un esp\u00edritu positivo y solidario. \u00danete a nuestra fundaci\u00f3n y trabajemos juntos por los ni\u00f1os de Chile. Disminuyamos la brecha y alfabeticemos digitalmente a todos los que lo necesitan.&#8221; [\/vc_column_text][\/vc_column][\/vc_row][vc_row disable_element=&#8221;yes&#8221; css=&#8221;.vc_custom_1610772118978{margin-top: 5% !important;margin-bottom: 5% !important;}&#8221;][vc_column][vc_zigzag color=&#8221;sandy_brown&#8221;][\/vc_column][\/vc_row][vc_row disable_element=&#8221;yes&#8221;][vc_column][vc_column_text] PROP\u00d3SITOS [\/vc_column_text][\/vc_column][\/vc_row][vc_row disable_element=&#8221;yes&#8221;][vc_column width=&#8221;1\/2&#8243;][vc_raw_html]JTNDdmlkZW8lMjBpZCUzRCUyMm9jU2NyZWVuY2FwVmlkZW8lMjIlMjBhdXRvcGxheSUzRCUyMmF1dG9wbGF5JTIyJTIwbXV0ZWQlM0QlMjJtdXRlZCUyMiUyMGxvb3AlM0QlMjJsb29wJTIyJTIwcGxheXNpbmxpbmUlM0QlMjJwbGF5c2lubGluZSUyMiUyMHByZWxvYWQlM0QlMjJtZXRhZGF0YSUyMiUyMGRhdGEtYW9zJTNEJTIyZmFkZS11cCUyMiUyMHN0eWxlJTNEJTIyd2lkdGglM0ExMDAlMjUlM0IlMjBoZWlnaHQlM0FhdXRvJTNCJTIyJTNFJTIwJTNDc291cmNlJTIwc3JjJTNEJTIyaHR0cHMlM0ElMkYlMkZ3d3cuaWx1bWluYXN1ZW5vcy5jbCUyRnNpdGlvJTJGd3AtY29udGVudCUyRnVwbG9hZHMlMkYyMDIwJTJGMTIlMkZ1MS5tcDQlMjIlMjB0eXBlJTNEJTIydmlkZW8lMkZtcDQlMjIlM0U=[\/vc_raw_html][\/vc_column][vc_column width=&#8221;1\/2&#8243;][vc_column_text] [&hellip;]<\/p>\n","protected":false},"author":1,"featured_media":0,"parent":0,"menu_order":0,"comment_status":"closed","ping_status":"open","template":"","meta":[],"_links":{"self":[{"href":"https:\/\/www.iluminasuenos.cl\/sitio\/wp-json\/wp\/v2\/pages\/10"}],"collection":[{"href":"https:\/\/www.iluminasuenos.cl\/sitio\/wp-json\/wp\/v2\/pages"}],"about":[{"href":"https:\/\/www.iluminasuenos.cl\/sitio\/wp-json\/wp\/v2\/types\/page"}],"author":[{"embeddable":true,"href":"https:\/\/www.iluminasuenos.cl\/sitio\/wp-json\/wp\/v2\/users\/1"}],"replies":[{"embeddable":true,"href":"https:\/\/www.iluminasuenos.cl\/sitio\/wp-json\/wp\/v2\/comments?post=10"}],"version-history":[{"count":41,"href":"https:\/\/www.iluminasuenos.cl\/sitio\/wp-json\/wp\/v2\/pages\/10\/revisions"}],"predecessor-version":[{"id":714,"href":"https:\/\/www.iluminasuenos.cl\/sitio\/wp-json\/wp\/v2\/pages\/10\/revisions\/714"}],"wp:attachment":[{"href":"https:\/\/www.iluminasuenos.cl\/sitio\/wp-json\/wp\/v2\/media?parent=10"}],"curies":[{"name":"wp","href":"https:\/\/api.w.org\/{rel}","templated":true}]}}